{"id":82,"date":"2013-12-06T13:39:07","date_gmt":"2013-12-06T12:39:07","guid":{"rendered":"http:\/\/www.association-argonautes.fr\/\/?page_id=82"},"modified":"2025-11-25T16:04:07","modified_gmt":"2025-11-25T15:04:07","slug":"seminaire-des-doctorants","status":"publish","type":"page","link":"https:\/\/association-lesargonautes.fr\/?page_id=82","title":{"rendered":"S\u00e9minaire des doctorant\u00b7e\u00b7s d&rsquo;ANHIMA"},"content":{"rendered":"<p style=\"text-align: justify;\"><strong>Ouvert aux \u00e9tudiant\u00b7e\u00b7s en master, doctorat et post-doctorat<\/strong>, ce s\u00e9minaire vise \u00e0 promouvoir les \u00e9changes entre \u00e9tudiant\u00b7e\u00b7s en leur offrant un cadre informel de dialogue et de r\u00e9flexion commune. Dans le cadre d&rsquo;ateliers collectifs ou de communications ponctuelles, chaque participant est invit\u00e9 \u00e0 partager ses comp\u00e9tences particuli\u00e8res et ses approches scientifiques avec les autres \u00e9tudiant\u00b7e\u00b7s. Le s\u00e9minaire tire en cela parti de la diversit\u00e9 des p\u00e9riodes, sources et th\u00e9matiques de recherche r\u00e9unies au sein de l&rsquo;\u00e9quipe ANHIMA.<\/p>\n<p>Le programme des s\u00e9minaires des ann\u00e9es pr\u00e9c\u00e9dentes est disponible dans le menu d\u00e9roulant.<\/p>\n","protected":false},"excerpt":{"rendered":"<p>Ouvert aux \u00e9tudiant\u00b7e\u00b7s en master, doctorat et post-doctorat, ce s\u00e9minaire vise \u00e0 promouvoir les \u00e9changes entre \u00e9tudiant\u00b7e\u00b7s en leur offrant un cadre informel de dialogue et de r\u00e9flexion commune. Dans le cadre d&rsquo;ateliers collectifs ou de communications ponctuelles, chaque participant est invit\u00e9 \u00e0 partager ses comp\u00e9tences particuli\u00e8res et ses approches scientifiques avec les autres \u00e9tudiant\u00b7e\u00b7s. [&hellip;]<\/p>\n","protected":false},"author":1,"featured_media":0,"parent":0,"menu_order":0,"comment_status":"closed","ping_status":"closed","template":"template-full-width.php","meta":{"footnotes":""},"_links":{"self":[{"href":"https:\/\/association-lesargonautes.fr\/index.php?rest_route=\/wp\/v2\/pages\/82"}],"collection":[{"href":"https:\/\/association-lesargonautes.fr\/index.php?rest_route=\/wp\/v2\/pages"}],"about":[{"href":"https:\/\/association-lesargonautes.fr\/index.php?rest_route=\/wp\/v2\/types\/page"}],"author":[{"embeddable":true,"href":"https:\/\/association-lesargonautes.fr\/index.php?rest_route=\/wp\/v2\/users\/1"}],"replies":[{"embeddable":true,"href":"https:\/\/association-lesargonautes.fr\/index.php?rest_route=%2Fwp%2Fv2%2Fcomments&post=82"}],"version-history":[{"count":8,"href":"https:\/\/association-lesargonautes.fr\/index.php?rest_route=\/wp\/v2\/pages\/82\/revisions"}],"predecessor-version":[{"id":930,"href":"https:\/\/association-lesargonautes.fr\/index.php?rest_route=\/wp\/v2\/pages\/82\/revisions\/930"}],"wp:attachment":[{"href":"https:\/\/association-lesargonautes.fr\/index.php?rest_route=%2Fwp%2Fv2%2Fmedia&parent=82"}],"curies":[{"name":"wp","href":"https:\/\/api.w.org\/{rel}","templated":true}]}}