{"id":74,"date":"2013-12-06T13:34:52","date_gmt":"2013-12-06T12:34:52","guid":{"rendered":"http:\/\/www.association-argonautes.fr\/\/?page_id=74"},"modified":"2024-10-10T16:38:23","modified_gmt":"2024-10-10T14:38:23","slug":"mentions-legales","status":"publish","type":"page","link":"https:\/\/association-lesargonautes.fr\/?page_id=74","title":{"rendered":"Mentions l\u00e9gales"},"content":{"rendered":"<p style=\"text-align: justify;\">La consultation de ce site internet suppose l&rsquo;acceptation sans r\u00e9serve des pr\u00e9sentes conditions d&rsquo;utilisation.<\/p>\n<p style=\"text-align: justify;\"><span style=\"text-decoration: underline;\"><em>Site Web <\/em><\/span><br \/>\nhttps:\/\/association-lesargonautes.fr est le site Internet de l&rsquo;Association Les Argonautes.<br \/>\nCentre ANHIMA<br \/>\n2, rue Vivienne<br \/>\n75002 PARIS<\/p>\n<p style=\"text-align: justify;\"><em><span style=\"text-decoration: underline;\">Objet du site<br \/>\n<\/span><\/em>Pr\u00e9sentation des activit\u00e9s de l&rsquo;Association et aides \u00e0 la r\u00e9daction d&rsquo;une th\u00e8se.<\/p>\n<p style=\"text-align: justify;\"><em><span style=\"text-decoration: underline;\">Directrice de la publication<br \/>\n<\/span><\/em>Elena R\u00fcdiger<\/p>\n<p style=\"text-align: justify;\"><span style=\"text-decoration: underline;\"><em>Gestionnaire de<\/em> <em>contenus<\/em><br \/>\n<\/span>CMS WordPress<br \/>\nTh\u00e8me : Suits par <a href=\"http:\/\/themeweaver.net\/\" target=\"_blank\" rel=\"noopener\">Themeweaver<\/a> (modifi\u00e9)<br \/>\nConception et r\u00e9alisation originale : Romain Guicharrousse<br \/>\nConception et mises \u00e0 jour 2022 : Elisa Le Bail<\/p>\n<p style=\"text-align: justify;\"><em><span style=\"text-decoration: underline;\">H\u00e9bergement<\/span><\/em><br \/>\nLe site est h\u00e9berg\u00e9 en France sur les serveurs de la soci\u00e9t\u00e9 OVH.<br \/>\nSoci\u00e9t\u00e9 : OVH<br \/>\nAdresse web : www.ovh.com<br \/>\nAdresse Postale : 2 rue Kellermann BP 80157<br \/>\n59053 ROUBAIX Cedex 1<br \/>\nAdresse \u00e9lectronique (E-Mail) : support@ovh.com<\/p>\n<p style=\"text-align: justify;\"><em><span style=\"text-decoration: underline;\">Protection des donn\u00e9es personnelles<\/span> <\/em><br \/>\nLes donn\u00e9es personnelles recueillies sur le site r\u00e9sultent de la communication volontaire d&rsquo;une adresse de courrier \u00e9lectronique lors du d\u00e9p\u00f4t d&rsquo;un message \u00e9lectronique. Les donn\u00e9es ainsi recueillies ne servent qu&rsquo;\u00e0 transmettre les \u00e9l\u00e9ments d&rsquo;informations demand\u00e9s et n&rsquo;ont pour seul destinataire que les membres bureau de L&rsquo;ASSOCIATION LES ARGONAUTES aupr\u00e8s desquels peuvent s&rsquo;exercer les droits d&rsquo;acc\u00e8s et de rectification, conform\u00e9ment \u00e0 l&rsquo;article 27 de la loi N\u00b0 78-17 du 6 janvier 1978 relative \u00e0 l&rsquo;informatique, aux fichiers et aux libert\u00e9s. Pour l&rsquo;exercer, adressez tout simplement votre demande \u00e9crite \u00e0 une des deux adresses mentionn\u00e9es \u00e0 la rubrique \u00ab\u00a0Webmestre\u00a0\u00bb ci-dessus.<br \/>\nLes donn\u00e9es recueillies dans ce cadre ne pourront \u00eatre c\u00e9d\u00e9es \u00e0 des tiers ou communiqu\u00e9es \u00e0 des fins non pr\u00e9vues.<br \/>\nLes messages que vous pouvez nous adresser transitant par un R\u00e9seau Ouvert de T\u00e9l\u00e9communications, nous ne pouvons assurer leur confidentialit\u00e9.<\/p>\n<p style=\"text-align: justify;\"><span style=\"text-decoration: underline;\"><em>Droits d&rsquo;auteur &amp; Copyright<\/em> <\/span><br \/>\nLes informations, pictogrammes, photographies, images, textes, s\u00e9quences vid\u00e9o, anim\u00e9es sonores ou non, et autres documents pr\u00e9sents sur le site Internet sont prot\u00e9g\u00e9s par la l\u00e9gislation fran\u00e7aise et internationale sur le droit d&rsquo;auteur et la propri\u00e9t\u00e9 intellectuelle. A ce titre, toute reproduction, repr\u00e9sentation, adaptation, ou modification, partielle ou int\u00e9grale ou transfert sur un autre site sont interdits.<br \/>\nToutes les images sont la propri\u00e9t\u00e9 de l&rsquo;ASSOCIATION LES ARGONAUTES, sauf les banni\u00e8res suivantes :<br \/>\n&#8211; Th\u00e9\u00e2tre de Palmyre : \u00a9 Guillaume Piolle \/ <a href=\"http:\/\/creativecommons.org\/licenses\/by\/3.0\/\" target=\"_blank\" rel=\"nofollow noopener\">CC-BY-3.0<\/a><br \/>\n&#8211; Nicopolis ad Istrum : \u00a9 <a href=\"http:\/\/commons.wikimedia.org\/wiki\/File:Nikopolis_ad_Istrum_overview_Klearchos.jpg\" target=\"_blank\" rel=\"nofollow noopener\">Gage<\/a> \/ <a href=\"http:\/\/creativecommons.org\/licenses\/by-sa\/2.0\/deed.en\" target=\"_blank\" rel=\"noopener\">CC-BY-2.0<\/a><br \/>\n&#8211; Panorama de Palmyre : \u00a9 <a href=\"http:\/\/en.wikipedia.org\/wiki\/User:Zeledi\" target=\"_blank\" rel=\"noopener\">Zeledi<\/a> \/ <a href=\"http:\/\/creativecommons.org\/licenses\/by\/3.0\/\" target=\"_blank\" rel=\"nofollow noopener\">CC-BY-3.0<\/a><br \/>\n&#8211; Forum Romain : \u00a9 <a href=\"https:\/\/commons.wikimedia.org\/wiki\/File:Foro_Romano.jpg\" target=\"_blank\" rel=\"noopener\">Jorge Valenzuela A.<\/a> \/ <a href=\"http:\/\/creativecommons.org\/licenses\/by\/3.0\/\" target=\"_blank\" rel=\"nofollow noopener\">CC-BY-3.0<\/a><br \/>\n&#8211; Panorama de Volubilis : \u00a9 <a href=\"http:\/\/commons.wikimedia.org\/wiki\/User:Prioryman\" target=\"_blank\" rel=\"noopener\">Prioryman<\/a> \/ <a href=\"http:\/\/creativecommons.org\/licenses\/by-sa\/2.0\/deed.en\" target=\"_blank\" rel=\"noopener\">CC-BY-2.0<\/a><br \/>\nLa copie sur support papier \u00e0 usage priv\u00e9 de ces diff\u00e9rents objets de droits est autoris\u00e9e conform\u00e9ment \u00e0 l&rsquo;article L122-5 du Code de la Propri\u00e9t\u00e9 Intellectuelle (CPI). Leur reproduction partielle ou int\u00e9grale, sans l&rsquo;accord pr\u00e9alable et \u00e9crit de l&rsquo;auteur, est strictement interdite.<br \/>\nLes bases de donn\u00e9es figurant sur le site Internet sont prot\u00e9g\u00e9es par les dispositions de la loi du 11 juillet 1998 portant transposition dans le Code de la propri\u00e9t\u00e9 intellectuelle (CPI) de la directive europ\u00e9enne du 11 mars 1996 relative \u00e0 la protection juridique des bases de donn\u00e9es. Sont notamment interdites l&rsquo;extraction et la r\u00e9utilisation, partielles ou compl\u00e8tes, du contenu des bases de donn\u00e9es de ce site.<\/p>\n<p style=\"text-align: justify;\"><em><span style=\"text-decoration: underline;\">Droits \u00e0 l&rsquo;image<\/span><\/em><br \/>\nToutes les photos h\u00e9berg\u00e9es sur le site Internet (hors banni\u00e8res, voir ci-dessus) sont issues des activit\u00e9s de l&rsquo;ASSOCIATION LES ARGONAUTES.<br \/>\nToutes personnes qui n&rsquo;autorisent pas les administrateurs du blog \u00e0 utiliser leur(s) image(s) \u00e0 des fins de diffusion doivent demander l&rsquo;application du droit de retrait qui leur sera accord\u00e9 sans aucune exception en envoyant un courriel \u00e0 l&rsquo;association ou au webmestre.<\/p>\n<p style=\"text-align: justify;\"><em><span style=\"text-decoration: underline;\">Liens hypertextes vers d&rsquo;autres sites Internet<\/span> <\/em><br \/>\nLes liens hypertextes mis en place dans le cadre du pr\u00e9sent site Internet en direction d&rsquo;autres ressources pr\u00e9sentes sur le r\u00e9seau Internet sont propos\u00e9s uniquement pour vous apporter l&rsquo;information la plus compl\u00e8te. Ni leur contenu ou les liens qu&rsquo;ils contiennent, ni les changements ou mises \u00e0 jour qui leur sont apport\u00e9s ne sauraient engager la responsabilit\u00e9 de l&rsquo;association Les Argonautes.<br \/>\nL&rsquo;acc\u00e8s \u00e0 des sites externes reli\u00e9s \u00e0 notre site est sous l&rsquo;enti\u00e8re responsabilit\u00e9 de l&rsquo;internaute.<\/p>\n<p style=\"text-align: justify;\"><em><span style=\"text-decoration: underline;\">Responsabilit\u00e9<\/span> <\/em><br \/>\nNous ne pouvons garantir l&rsquo;exactitude, la pr\u00e9cision ou l&rsquo;exhaustivit\u00e9 des informations mises \u00e0 la disposition sur ce site. En cons\u00e9quence, nous d\u00e9clinons toute responsabilit\u00e9 pour toute impr\u00e9cision, inexactitude ou omission portant sur des informations disponibles sur ce site.<br \/>\nNous nous r\u00e9servons le droit de modifier ou de corriger le contenu de ce site et cette mention l\u00e9gale \u00e0 tout moment et ceci sans pr\u00e9avis sans que cela puisse donner lieu \u00e0 un quelconque droit \u00e0 d\u00e9dommagement.<br \/>\nL&rsquo;utilisateur reconna\u00eet \u00e9galement avoir pris connaissance des pr\u00e9sentes informations l\u00e9gales et s&rsquo;engage \u00e0 les respecter.<br \/>\nLe site http:\/\/association-argonautes.fr h\u00e9berg\u00e9 en France par une soci\u00e9t\u00e9 fran\u00e7aise est r\u00e9gi par le droit fran\u00e7ais.<\/p>\n","protected":false},"excerpt":{"rendered":"<p>La consultation de ce site internet suppose l&rsquo;acceptation sans r\u00e9serve des pr\u00e9sentes conditions d&rsquo;utilisation. Site Web https:\/\/association-lesargonautes.fr est le site Internet de l&rsquo;Association Les Argonautes. Centre ANHIMA 2, rue Vivienne 75002 PARIS Objet du site Pr\u00e9sentation des activit\u00e9s de l&rsquo;Association et aides \u00e0 la r\u00e9daction d&rsquo;une th\u00e8se. Directrice de la publication Elena R\u00fcdiger Gestionnaire de [&hellip;]<\/p>\n","protected":false},"author":1,"featured_media":0,"parent":0,"menu_order":0,"comment_status":"closed","ping_status":"closed","template":"template-full-width.php","meta":{"footnotes":""},"_links":{"self":[{"href":"https:\/\/association-lesargonautes.fr\/index.php?rest_route=\/wp\/v2\/pages\/74"}],"collection":[{"href":"https:\/\/association-lesargonautes.fr\/index.php?rest_route=\/wp\/v2\/pages"}],"about":[{"href":"https:\/\/association-lesargonautes.fr\/index.php?rest_route=\/wp\/v2\/types\/page"}],"author":[{"embeddable":true,"href":"https:\/\/association-lesargonautes.fr\/index.php?rest_route=\/wp\/v2\/users\/1"}],"replies":[{"embeddable":true,"href":"https:\/\/association-lesargonautes.fr\/index.php?rest_route=%2Fwp%2Fv2%2Fcomments&post=74"}],"version-history":[{"count":7,"href":"https:\/\/association-lesargonautes.fr\/index.php?rest_route=\/wp\/v2\/pages\/74\/revisions"}],"predecessor-version":[{"id":902,"href":"https:\/\/association-lesargonautes.fr\/index.php?rest_route=\/wp\/v2\/pages\/74\/revisions\/902"}],"wp:attachment":[{"href":"https:\/\/association-lesargonautes.fr\/index.php?rest_route=%2Fwp%2Fv2%2Fmedia&parent=74"}],"curies":[{"name":"wp","href":"https:\/\/api.w.org\/{rel}","templated":true}]}}