{"id":594,"date":"2017-12-13T19:15:30","date_gmt":"2017-12-13T18:15:30","guid":{"rendered":"http:\/\/association-lesargonautes.fr\/?page_id=594"},"modified":"2025-09-02T18:32:20","modified_gmt":"2025-09-02T16:32:20","slug":"statuts","status":"publish","type":"page","link":"https:\/\/association-lesargonautes.fr\/?page_id=594","title":{"rendered":"Statuts"},"content":{"rendered":"<p>Statuts de l&rsquo;association Les Argonautes, association de masterants, doctorants et jeunes docteurs du laboratoire ANHIMA (UMR 8210)<\/p>\n<p>Derni\u00e8re modification des statuts : f\u00e9vrier 2023<\/p>\n<p><b>Statuts de l&rsquo;association Les Argonautes de doctorants et jeunes docteurs du laboratoire ANHIMA (UMR 8210) Derni\u00e8re modification : octobre 2018<\/b><\/p>\n<p><b>Article 1<\/b><span style=\"font-weight: 400;\"> &#8211; Il est cr\u00e9\u00e9 entre les adh\u00e9rents aux pr\u00e9sents statuts une association r\u00e9gie par la loi du 1er juillet 1901 et le d\u00e9cret du 16 ao\u00fbt 1901, ayant pour d\u00e9nomination : Les Argonautes.<\/span><\/p>\n<p><b>Article 2<\/b><span style=\"font-weight: 400;\"> \u2013 <\/span><b>objet<\/b><span style=\"font-weight: 400;\">\u00a0<\/span><\/p>\n<p><span style=\"font-weight: 400;\">Cette association a pour objet de r\u00e9unir des \u00e9tudiants de master 1 et 2, doctorants et jeunes docteurs du laboratoire ANHIMA ou d\u2019autres centres travaillant sur des th\u00e8mes similaires, \u00e0 travers des activit\u00e9s conviviales et culturelles.<\/span><\/p>\n<p><b>Article 3<\/b><span style=\"font-weight: 400;\"> \u2013 <\/span><b>adresse<\/b><span style=\"font-weight: 400;\">\u00a0<\/span><\/p>\n<p><span style=\"font-weight: 400;\">Le si\u00e8ge de l\u2019association est fix\u00e9 : Laboratoire ANHIMA &#8211; UMR 8210 ; 2, rue Vivienne ; 75002 Paris. Il pourra \u00eatre transf\u00e9r\u00e9 par simple d\u00e9cision du bureau de l&rsquo;association.<\/span><\/p>\n<p><b>Article 4 \u2013 dur\u00e9e\u00a0<\/b><\/p>\n<p><span style=\"font-weight: 400;\">La dur\u00e9e de l\u2019association est ind\u00e9termin\u00e9e.<\/span><\/p>\n<p><b>Article 5 &#8211; adh\u00e9sion\u00a0<\/b><\/p>\n<p><span style=\"font-weight: 400;\">Sont membres de droit tous les \u00e9tudiants de master 1 et 2, doctorants et jeunes docteurs non titulaires du laboratoire ANHIMA ou d\u2019autres centres travaillant sur des th\u00e8mes similaires.<\/span><\/p>\n<p><b>Article 6 \u2013 cotisation\u00a0<\/b><\/p>\n<p><span style=\"font-weight: 400;\">Une cotisation annuelle doit \u00eatre acquitt\u00e9e par les adh\u00e9rents pour pouvoir participer aux activit\u00e9s. Son montant est fix\u00e9 chaque ann\u00e9e par le Bureau \u00e0 cinq euros.<\/span><\/p>\n<p><b>Article 7 \u2013 radiation\u00a0<\/b><\/p>\n<p><span style=\"font-weight: 400;\">La qualit\u00e9 de membre se perd par :\u00a0<\/span><\/p>\n<p><span style=\"font-weight: 400;\">&#8211; la d\u00e9mission qui doit \u00eatre adress\u00e9e par \u00e9crit au bureau de l&rsquo;association.\u00a0<\/span><\/p>\n<p><span style=\"font-weight: 400;\">&#8211; le non-paiement de la cotisation dans un d\u00e9lai de douze mois apr\u00e8s sa date d\u2019exigibilit\u00e9.\u00a0<\/span><\/p>\n<p><span style=\"font-weight: 400;\">&#8211; le d\u00e9c\u00e8s<\/span><\/p>\n<p><b>Article 8 \u2013 ressources\u00a0<\/b><\/p>\n<p><span style=\"font-weight: 400;\">Les ressources de l\u2019association comprennent : &#8211; le montant des cotisations &#8211; les subventions de l\u2019\u00c9tat, des collectivit\u00e9s territoriales et des \u00e9tablissements publics &#8211; les recettes des manifestations exceptionnelles &#8211; les ventes faites aux membres &#8211; les dons. Toutes ressources autoris\u00e9es par la loi.<\/span><\/p>\n<p><b>Article 9 \u2013 Bureau de l&rsquo;association\u00a0<\/b><\/p>\n<p><span style=\"font-weight: 400;\">L\u2019association est dirig\u00e9e par un bureau compos\u00e9 de cinq membres \u00e9lus pour un an par l\u2019assembl\u00e9e g\u00e9n\u00e9rale. Les membres sont r\u00e9\u00e9ligibles deux fois, soit une dur\u00e9e d&rsquo;exercice maximale de 3 ans. Il d\u00e9signe, en outre, en son sein, un(e) pr\u00e9sident(e), un(e) pr\u00e9sident(e) adjoint(e),\u00a0un(e) tr\u00e9sorier\/\u00e8re, un(e) secr\u00e9taire et un(e) secr\u00e9taire adjoint(e).\u00a0<\/span><\/p>\n<ul>\n<li style=\"font-weight: 400;\" aria-level=\"1\"><span style=\"font-weight: 400;\">Le\/la pr\u00e9sident(e) repr\u00e9sente l\u2019association dans tous les actes de la vie civile. Il\/elle a, notamment, qualit\u00e9 pour ester en justice au nom de l\u2019association.\u00a0<\/span><\/li>\n<li style=\"font-weight: 400;\" aria-level=\"1\">Le\/la pr\u00e9sident(e) adjoint(e) est charg\u00e9(e) d\u2019assister le\/la pr\u00e9sident(e) dans l\u2019accompagnement de ses t\u00e2ches.<\/li>\n<li style=\"font-weight: 400;\" aria-level=\"1\"><span style=\"font-weight: 400;\">Le\/la secr\u00e9taire est charg\u00e9(e) de tout ce qui concerne la correspondance et les archives. Il\/elle r\u00e9dige les proc\u00e8s-verbaux des r\u00e9unions et des assembl\u00e9es et, en g\u00e9n\u00e9ral, toutes les \u00e9critures concernant le fonctionnement de l\u2019association, \u00e0 l\u2019exception de celles qui concernent la comptabilit\u00e9. Il\/elle tient le registre sp\u00e9cial pr\u00e9vu par l\u2019article 5 de la loi du 1er juillet 1901 et les articles 6 et 31 du d\u00e9cret du 16 ao\u00fbt 1901. Il\/elle assure l\u2019ex\u00e9cution des formalit\u00e9s prescrites par les dits articles.\u00a0<\/span><\/li>\n<li style=\"font-weight: 400;\" aria-level=\"1\"><span style=\"font-weight: 400;\">Le\/la tr\u00e9sorier(e) est charg\u00e9(e) de tenir ou de faire tenir sous son contr\u00f4le la comptabilit\u00e9 de l\u2019association. Il\/elle ne peut ali\u00e9ner les valeurs constituant le fonds de r\u00e9serve permettant le financement des instruments de paiement qu\u2019avec l\u2019autorisation du bureau de l&rsquo;association. Il\/elle tient une comptabilit\u00e9 r\u00e9guli\u00e8re de toutes les op\u00e9rations qu\u2019il\/elle effectue et rend compte \u00e0 l\u2019assembl\u00e9e g\u00e9n\u00e9rale annuelle de sa gestion.\u00a0<\/span><\/li>\n<li style=\"font-weight: 400;\" aria-level=\"1\"><span style=\"font-weight: 400;\">Le\/la secr\u00e9taire adjoint(e) est charg\u00e9(e) d\u2019assister le\u00a0:la secr\u00e9taire dans l\u2019accompagnement de ses t\u00e2ches.<\/span><\/li>\n<\/ul>\n<p>La vacance de l\u2019un des postes du bureau n\u2019impose par la mise en place d\u2019une assembl\u00e9e g\u00e9n\u00e9rale. L\u2019association accepte de fonctionner avec seulement quatre membres \u00e9lus si l\u2019un des postes ne trouve pas de titulaire.<\/p>\n<p><b>Article 10 \u2013 r\u00e9union du bureau\u00a0<\/b><\/p>\n<p><span style=\"font-weight: 400;\">Le bureau se r\u00e9unit r\u00e9guli\u00e8rement pour g\u00e9rer les activit\u00e9s de l&rsquo;association. Il doit rendre compte lors du bilan moral en Assembl\u00e9e g\u00e9n\u00e9rale. Le pr\u00e9sident dispose d\u2019une voix pr\u00e9pond\u00e9rante dans la prise de d\u00e9cision.<\/span><\/p>\n<p><b>Article 11 \u2013 Gestion financi\u00e8re\u00a0<\/b><\/p>\n<p><span style=\"font-weight: 400;\">L&rsquo;association poss\u00e8de un compte en banque permettant de financer ses activit\u00e9s. Le\/a pr\u00e9sident(e) et le\/a tr\u00e9sorier\/\u00e8re ont mandat pour la gestion et toutes les op\u00e9rations aff\u00e9rentes.<\/span><\/p>\n<p><b>Article 12 \u2013 R\u00e9mun\u00e9ration<\/b><\/p>\n<p><span style=\"font-weight: 400;\">\u00a0Les membres du bureau ont droit au remboursement de leurs frais sur justificatifs ; les frais de d\u00e9placement seront rembours\u00e9s sur le bar\u00e8me de l\u2019administration fiscale. Leurs fonctions sont b\u00e9n\u00e9voles.<\/span><\/p>\n<p><b>Article 13 \u2013 Assembl\u00e9e g\u00e9n\u00e9rale ordinaire\u00a0<\/b><\/p>\n<p><span style=\"font-weight: 400;\">L\u2019assembl\u00e9e comprend tous les membres \u00e0 jour de leur cotisation. Ils sont convoqu\u00e9s au moyen d\u2019un courrier \u00e9lectronique. L\u2019assembl\u00e9e g\u00e9n\u00e9rale se r\u00e9unit chaque ann\u00e9e dans le courant du mois d&rsquo;octobre. Les d\u00e9cisions sont prises \u00e0 la majorit\u00e9 des membres pr\u00e9sents ou repr\u00e9sent\u00e9s. Les procurations sont limit\u00e9es \u00e0 une par membre pr\u00e9sent. Le pr\u00e9sident, assist\u00e9 des membres du bureau, pr\u00e9side l\u2019assembl\u00e9e et expose la situation morale de l\u2019association. Le tr\u00e9sorier rend compte de sa gestion et soumet le bilan \u00e0 l\u2019approbation de l\u2019assembl\u00e9e. L\u2019assembl\u00e9e \u00e9lit tous les ans les dirigeants de l\u2019association. Un proc\u00e8s-verbal de la r\u00e9union sera \u00e9tabli. Il est sign\u00e9 par les membres du bureau sortant pr\u00e9sents \u00e0 l\u2019assembl\u00e9e g\u00e9n\u00e9rale.<\/span><\/p>\n<p><b>Article 14 \u2013 Assembl\u00e9e g\u00e9n\u00e9rale extraordinaire\u00a0<\/b><\/p>\n<p><span style=\"font-weight: 400;\">L\u2019assembl\u00e9e g\u00e9n\u00e9rale extraordinaire est comp\u00e9tente pour modifier les statuts, d\u00e9cider la dissolution ou la fusion de l\u2019association. Elle se r\u00e9unit sur demande du bureau. Elle est convoqu\u00e9e par le pr\u00e9sident au moyen d&rsquo;un courrier \u00e9lectronique et organis\u00e9e selon les modalit\u00e9s pr\u00e9vues pour l\u2019assembl\u00e9e g\u00e9n\u00e9rale ordinaire.<\/span><\/p>\n<p><b>Article 15 &#8211; Dissolution\u00a0<\/b><\/p>\n<p><span style=\"font-weight: 400;\">En cas de dissolution prononc\u00e9e par les deux tiers au moins des membres pr\u00e9sents \u00e0 l&rsquo;assembl\u00e9e g\u00e9n\u00e9rale extraordinaire, un ou plusieurs liquidateurs sont nomm\u00e9s par celle-ci et l&rsquo;actif, s&rsquo;il y a lieu, est d\u00e9volu conform\u00e9ment \u00e0 l&rsquo;article 9 de la loi du 1er juillet 1901 et au d\u00e9cret du 16 ao\u00fbt 1901.<\/span><\/p>\n","protected":false},"excerpt":{"rendered":"<p>Statuts de l&rsquo;association Les Argonautes, association de masterants, doctorants et jeunes docteurs du laboratoire ANHIMA (UMR 8210) Derni\u00e8re modification des statuts : f\u00e9vrier 2023 Statuts de l&rsquo;association Les Argonautes de doctorants et jeunes docteurs du laboratoire ANHIMA (UMR 8210) Derni\u00e8re modification : octobre 2018 Article 1 &#8211; Il est cr\u00e9\u00e9 entre les adh\u00e9rents aux pr\u00e9sents [&hellip;]<\/p>\n","protected":false},"author":1,"featured_media":0,"parent":0,"menu_order":0,"comment_status":"closed","ping_status":"closed","template":"","meta":{"footnotes":""},"_links":{"self":[{"href":"https:\/\/association-lesargonautes.fr\/index.php?rest_route=\/wp\/v2\/pages\/594"}],"collection":[{"href":"https:\/\/association-lesargonautes.fr\/index.php?rest_route=\/wp\/v2\/pages"}],"about":[{"href":"https:\/\/association-lesargonautes.fr\/index.php?rest_route=\/wp\/v2\/types\/page"}],"author":[{"embeddable":true,"href":"https:\/\/association-lesargonautes.fr\/index.php?rest_route=\/wp\/v2\/users\/1"}],"replies":[{"embeddable":true,"href":"https:\/\/association-lesargonautes.fr\/index.php?rest_route=%2Fwp%2Fv2%2Fcomments&post=594"}],"version-history":[{"count":5,"href":"https:\/\/association-lesargonautes.fr\/index.php?rest_route=\/wp\/v2\/pages\/594\/revisions"}],"predecessor-version":[{"id":918,"href":"https:\/\/association-lesargonautes.fr\/index.php?rest_route=\/wp\/v2\/pages\/594\/revisions\/918"}],"wp:attachment":[{"href":"https:\/\/association-lesargonautes.fr\/index.php?rest_route=%2Fwp%2Fv2%2Fmedia&parent=594"}],"curies":[{"name":"wp","href":"https:\/\/api.w.org\/{rel}","templated":true}]}}