{"id":59,"date":"2013-12-05T23:52:30","date_gmt":"2013-12-05T22:52:30","guid":{"rendered":"http:\/\/www.association-argonautes.fr\/\/?page_id=59"},"modified":"2017-11-28T20:50:18","modified_gmt":"2017-11-28T19:50:18","slug":"outils-these-ligne","status":"publish","type":"page","link":"https:\/\/association-lesargonautes.fr\/?page_id=59","title":{"rendered":"Outils en ligne"},"content":{"rendered":"<p style=\"text-align: justify;\"><span style=\"text-decoration: underline;\">Outils de gestion de bibliographie : <\/span><\/p>\n<p style=\"text-align: justify;\">Divers logiciels existent pour g\u00e9rer vos bibliographies (EndNote, JabRef, Zotero&#8230;).<\/p>\n<p style=\"text-align: justify;\">Un blog de l&rsquo;EHESS \u00ab\u00a0<a href=\"http:\/\/www.boiteaoutils.info\/\">La bo\u00eete \u00e0 outil de l&rsquo;historien<\/a>\u00a0\u00bb vous explique comment utiliser Zotero \u00e0 travers plusieurs billets regroup\u00e9s <a href=\"http:\/\/www.boiteaoutils.info\/category\/tutoriels\/zotero\/\">ici<\/a>.<\/p>\n<p style=\"text-align: justify;\"><span style=\"text-decoration: underline;\">Pour les sauvegardes de vos donn\u00e9es :<\/span><\/p>\n<p style=\"text-align: justify;\">Le m\u00eame blog vous explique comment sauvegarder vos donn\u00e9es.<\/p>\n<p style=\"text-align: justify;\">Pour la sauvegarde en ligne, le billet propose plusieurs solutions. Si vous poss\u00e9dez par ailleurs un smartphone ou une tablette, nous vous conseillons l&rsquo;usage de <a href=\"http:\/\/www.dropbox.com\/\" target=\"_new\">Dropbox<\/a> (gratuit jusqu&rsquo;\u00e0 2Go) car l&rsquo;application (<a href=\"itms:\/\/itunes.apple.com\/WebObjects\/MZStore.woa\/wa\/viewSoftware?id=327630330&amp;mt=8&amp;s=143441\" target=\"_new\">iPhone<\/a>, <a href=\"http:\/\/itunes.apple.com\/us\/app\/dropbox\/id327630330?mt=8\" target=\"_new\">iPad<\/a>, <a href=\"http:\/\/dl.dropbox.com\/u\/6993309\/Dropbox.apk\" target=\"_new\">Android<\/a> ou <a href=\"https:\/\/www.dropbox.com\/blackberry\" target=\"_new\">Blackberry<\/a>, toutes gratuites) permet d&rsquo;avoir acc\u00e8s en permanence et n&rsquo;importe o\u00f9 \u00e0 ses fichiers.<\/p>\n","protected":false},"excerpt":{"rendered":"<p>Outils de gestion de bibliographie : Divers logiciels existent pour g\u00e9rer vos bibliographies (EndNote, JabRef, Zotero&#8230;). Un blog de l&rsquo;EHESS \u00ab\u00a0La bo\u00eete \u00e0 outil de l&rsquo;historien\u00a0\u00bb vous explique comment utiliser Zotero \u00e0 travers plusieurs billets regroup\u00e9s ici. Pour les sauvegardes de vos donn\u00e9es : Le m\u00eame blog vous explique comment sauvegarder vos donn\u00e9es. Pour la [&hellip;]<\/p>\n","protected":false},"author":1,"featured_media":0,"parent":0,"menu_order":0,"comment_status":"closed","ping_status":"closed","template":"template-full-width.php","meta":{"footnotes":""},"_links":{"self":[{"href":"https:\/\/association-lesargonautes.fr\/index.php?rest_route=\/wp\/v2\/pages\/59"}],"collection":[{"href":"https:\/\/association-lesargonautes.fr\/index.php?rest_route=\/wp\/v2\/pages"}],"about":[{"href":"https:\/\/association-lesargonautes.fr\/index.php?rest_route=\/wp\/v2\/types\/page"}],"author":[{"embeddable":true,"href":"https:\/\/association-lesargonautes.fr\/index.php?rest_route=\/wp\/v2\/users\/1"}],"replies":[{"embeddable":true,"href":"https:\/\/association-lesargonautes.fr\/index.php?rest_route=%2Fwp%2Fv2%2Fcomments&post=59"}],"version-history":[{"count":2,"href":"https:\/\/association-lesargonautes.fr\/index.php?rest_route=\/wp\/v2\/pages\/59\/revisions"}],"predecessor-version":[{"id":507,"href":"https:\/\/association-lesargonautes.fr\/index.php?rest_route=\/wp\/v2\/pages\/59\/revisions\/507"}],"wp:attachment":[{"href":"https:\/\/association-lesargonautes.fr\/index.php?rest_route=%2Fwp%2Fv2%2Fmedia&parent=59"}],"curies":[{"name":"wp","href":"https:\/\/api.w.org\/{rel}","templated":true}]}}