{"id":57,"date":"2013-12-05T23:52:00","date_gmt":"2013-12-05T22:52:00","guid":{"rendered":"http:\/\/www.association-argonautes.fr\/\/?page_id=57"},"modified":"2013-12-05T23:52:00","modified_gmt":"2013-12-05T22:52:00","slug":"sources-bibliographie-ligne","status":"publish","type":"page","link":"https:\/\/association-lesargonautes.fr\/?page_id=57","title":{"rendered":"Sources et bibliographie en ligne"},"content":{"rendered":"<p style=\"text-align: justify;\"><b><\/b><em>Gaelle Deschodt a pr\u00e9sent\u00e9 lors du s\u00e9minaire des doctorants du 15 novembre 2010 une mise au point sur les ressources en ligne, \u00e0 la disposition des \u00e9tudiants tant pour les sources que pour la litt\u00e9rature secondaire. Ces pages sont r\u00e9guli\u00e8rement compl\u00e9t\u00e9es. Si vous souhaitez ajouter des pages qui ne sont pas pr\u00e9sentes ici, vous pouvez nous <a href=\"mailto:bureau.argonautes@gmail.com\">contacter<\/a>.<\/em><\/p>\n<ol>\n<li><span style=\"text-decoration: underline;\">Sources<\/span>\n<ol>\n<li><a href=\"#ancre1\">Litt\u00e9raires<\/a><\/li>\n<li><a href=\"#ancre2\">Inscriptions<\/a><\/li>\n<li><a href=\"#ancre3\">Papyrologie<\/a><\/li>\n<li><a href=\"#ancre4\">Arch\u00e9ologie<\/a><\/li>\n<li><a href=\"#ancre5\">Objets (Vases, monnaies, sculpture, mosa\u00efques)<\/a><\/li>\n<li><a href=\"#ancre6\">Bases de donn\u00e9es de mus\u00e9es<\/a><\/li>\n<\/ol>\n<\/li>\n<li><span style=\"text-decoration: underline;\">Litt\u00e9rature secondaire<\/span>\n<ol>\n<li><a href=\"#ancre7\">Actualit\u00e9 de la recherche<\/a><\/li>\n<li><a href=\"#ancre8\">Portail de revues en ligne<\/a><\/li>\n<li><a href=\"#ancre9\">Ouvrages en acc\u00e8s libre ou limit\u00e9<\/a><\/li>\n<\/ol>\n<p>&nbsp;<\/li>\n<\/ol>\n<p><b>1. SOURCES<\/b><a name=\"ancre1\"><\/a><br \/>\n<b><i>Sources litt\u00e9raires :<\/i><\/b><br \/>\n<em>Textes et traductions anciennes <\/em><br \/>\n<a href=\"http:\/\/helios.fltr.ucl.ac.be\/outils.htm\" target=\"_blank\">Helios <\/a><br \/>\nEn grec : <a href=\"http:\/\/mercure.fltr.ucl.ac.be\/Hodoi\/concordances\/intro.htm\" target=\"_blank\">Hodoi<\/a><br \/>\nEn latin : <a href=\"http:\/\/agoraclass.fltr.ucl.ac.be\/concordances\/intro.htm\">Agora Class<\/a><br \/>\n<a href=\"http:\/\/www.perseus.tufts.edu\/hopper\/collection?collection=Perseus:collection:Greco-Roman\">Perseus<\/a><\/p>\n<p><em>Textes uniquement<\/em><br \/>\nSouda<a href=\"http:\/\/www.stoa.org\/sol\/\"> en ligne<\/a><br \/>\nThe <a href=\"http:\/\/www.thelatinlibrary.com\/\">Latin Library<\/a><br \/>\n<a href=\"http:\/\/www.tlg.uci.edu\/\">TLG<\/a> (Thesaurus Liguae Graecae)<\/p>\n<p><a name=\"ancre2\"><\/a><b><i>Inscriptions : <\/i><\/b><br \/>\nAssociation internationale d&rsquo;\u00e9pigraphie grecque et latine (<a href=\"http:\/\/www.aiegl.org\/\">ici<\/a>)<br \/>\nBase \u00e9pigraphique et documentaire : <a href=\"http:\/\/www.clarosnet.org\/index.htm\" target=\"_blank\">CLAROS<\/a><\/p>\n<p><em>Inscriptions grecques<\/em><br \/>\n<a href=\"http:\/\/epigraphy.packhum.org\/inscriptions\/main\">Projet packhum<\/a> (Cornell University et Ohio State University)<br \/>\nBrill <a href=\"http:\/\/www.brillonline.nl\/\">online<\/a> (<em>FGrHist<\/em> ; <em>SEG<\/em>) (acc\u00e8s <a href=\"http:\/\/www.brillonline.nl.domino-ip2.univ-paris1.fr\/subscriber\/uid=1404\/?authstatuscode=202\">Paris 1<\/a>)<\/p>\n<p><em>Inscriptions latines<\/em><br \/>\n<a href=\"http:\/\/cil.bbaw.de\/index.html\">Corpus inscriptionum latinarum<\/a><br \/>\n<a href=\"http:\/\/www.edr-edr.it\/Italiano\/index_it.html\">EAGLE<\/a> (en italien)<br \/>\n<a href=\"http:\/\/www.epigraphie-sfer.fr\/ressources.html\">SFER<\/a><br \/>\n<a href=\"http:\/\/www.uni-heidelberg.de\/institute\/sonst\/adw\/edh\/index.html.en\">Universit\u00e9 d&rsquo;Heidelberg<\/a> (en anglais et en allemand)<br \/>\n<a href=\"http:\/\/eda-bea.es\/\" target=\"_blank\">Hispania Epigraphica<\/a> (en anglais et espagnol)<br \/>\nBase de donn\u00e9es des inscriptions romaines <a href=\"http:\/\/www.rid24.de\/\" target=\"_blank\">(R\u00f6mische Inschriften Datenbank)<\/a> (en allemand)<br \/>\n<a href=\"http:\/\/irt.kcl.ac.uk\/irt2009\/\" target=\"_blank\">Inscriptions romaines de Tripolitaine<\/a> (en anglais)<br \/>\n<a href=\"http:\/\/vindolanda.csad.ox.ac.uk\/tablets\/\">Les tablettes de Vindolanda<\/a><br \/>\n<a href=\"http:\/\/www.manfredclauss.de\/fr\/index.html\">Epigraphische Datenbank Clauss-Slaby<\/a><\/p>\n<p><a name=\"ancre3\"><\/a><b><i>Papyrologie :<\/i><\/b><br \/>\n<a href=\"http:\/\/papyri.info\/\" target=\"_blank\">Papyri.info<\/a><br \/>\n<a href=\"http:\/\/aquila.papy.uni-heidelberg.de\/gvzFM.html\" target=\"_blank\">Universit\u00e9 d&rsquo;Heidelberg<\/a><br \/>\n<a href=\"http:\/\/cpp.arts.kuleuven.be\" target=\"_blank\">Paraliterary Papyri (CPP)<\/a><br \/>\n<a href=\"http:\/\/www.trismegistos.org\/index.html\" target=\"_blank\">Trismegistos<\/a> (portail interdisciplinaire de papyrologie et de ressources \u00e9pigraphiques sur l&rsquo;Egypte et la vall\u00e9e du Nil entre 800 avant et 800 apr\u00e8s JC)<br \/>\n<a href=\"http:\/\/dev.ulb.ac.be\/philo\/bad\/copte\/base.php?page=rechercher.php\">Copte<\/a><\/p>\n<p><a name=\"ancre4\"><\/a><em><strong>Arch\u00e9ologie<br \/>\n<\/strong><\/em>Moteur de recherche : <a href=\"http:\/\/www.dyabola.de\/\">Dyabola<\/a><\/p>\n<p><a name=\"ancre5\"><\/a><b><i>Objets :<\/i><\/b><br \/>\n<i>Vases<\/i><br \/>\nArchive <a href=\"http:\/\/www.beazley.ox.ac.uk\/index.htm\">Beazley<\/a><br \/>\nCorpus Vasorum Antiquorum (<a href=\"http:\/\/www.cvaonline.org\/cva\/projectpages\/cva1.htm\">CVA<\/a>)<br \/>\n<a href=\"http:\/\/www.limcnet.org\/Home\/tabid\/77\/Default.aspx\">LIMC<\/a><\/p>\n<p><em>Imagerie grecque classique (c\u00e9ramique attique essentiellement)<\/em><br \/>\n<a href=\"http:\/\/agorha.inha.fr\/inhaprod\/jsp\/system\/win_main.jsp?record=musee:METADONNEES:27\" target=\"_blank\">INHA<\/a><br \/>\n<a href=\"http:\/\/www.perseus.tufts.edu\/hopper\/artifactBrowser?object=Vase\">Perseus<\/a><br \/>\n<a href=\"http:\/\/publications.univ-provence.fr\/rtar\/\">Timbres amphoriques romaines<\/a><br \/>\n<a href=\"http:\/\/www.artciv.org\/Agalma\/grec_musees.html%20\" target=\"_blank\">Agalma<\/a><\/p>\n<p><i>Monnaies<\/i><br \/>\n<a href=\"http:\/\/www.lawrence.edu\/dept\/art\/buerger\/\" target=\"_blank\">Collection Buerger<\/a><br \/>\n<a href=\"http:\/\/www.perseus.tufts.edu\/hopper\/artifactBrowser?object=Coin\">Perseus<\/a><br \/>\nRoman provincial coinage : <a href=\"http:\/\/rpc.ashmus.ox.ac.uk\/\" target=\"_blank\">RPC<\/a><\/p>\n<p><i>Sculptures<\/i><br \/>\nSt\u00e8les fun\u00e9raires grecques : <a href=\"http:\/\/www.dyabola.de\/en\/indexfrm.htm?page=http:\/\/dyabola.de\/\" target=\"_blank\">Dyabola<\/a> (avec bibliographie)<br \/>\nBase de l&rsquo;universit\u00e9 d&rsquo;Aix sur la <a href=\"http:\/\/nesp.mmsh.univ-aix.fr\/\">Gaule romaine<\/a><br \/>\n<a href=\"http:\/\/www.unicaen.fr\/services\/cireve\/rome\/index.php\">Plan de Rome<\/a><br \/>\n<a href=\"http:\/\/www.perseus.tufts.edu\/hopper\/artifactBrowser?object=Sculpture\">Perseus<\/a><br \/>\nGuide iconographique : <a href=\"http:\/\/www.inha.fr\/spip.php?rubrique331\" target=\"_blank\">(INHA)<br \/>\n<\/a>Le Parth\u00e9non: <a href=\"http:\/\/www.parthenonfrieze.gr\/#\/home\" target=\"_blank\">(frises)<\/a><\/p>\n<p><i>Mosaiques<\/i><br \/>\n<a href=\"http:\/\/www.stoa.org\/diotima\/nereids\/\" target=\"_blank\">Diotima<\/a><\/p>\n<p><a name=\"ancre6\"><\/a><strong><i>Sites de mus\u00e9es<\/i><\/strong><br \/>\nBritish Museum : <a href=\"http:\/\/www.britishmuseum.org\/research\/search_the_collection_database.aspx\" target=\"_blank\">(Base de donn\u00e9es)<\/a><br \/>\nLouvre : <a href=\"http:\/\/www.louvre.fr\/llv\/oeuvres\/bdd_oeuvre.jsp?bmLocale=fr_FR#bddoeuvre1\" target=\"_blank\">(Base de donn\u00e9es Atlas)<\/a><br \/>\nBoston, MFA : <a href=\"http:\/\/www.mfa.org\/collections\/search_art.asp\" target=\"_blank\">(Base de donn\u00e9es)<\/a><br \/>\nNew York : <a href=\"http:\/\/www.metmuseum.org\/works_of_art\/collection_database\/\" target=\"_blank\">MET<\/a><br \/>\n<a href=\"http:\/\/www.latsis-foundation.org\/en\/elibrary\/1\/O_kyklos_ton_mouseion.html\">Catalogues de mus\u00e9es grecs<\/a> publi\u00e9s par la Fondation Latsis<\/p>\n<p>&nbsp;<\/p>\n<p><b>2. LITTERATURE SECONDAIRE<\/b><a name=\"ancre7\"><\/a><br \/>\n<em><strong>Actualit\u00e9 de la r<\/strong><\/em><i><b>echerche<\/b><\/i><br \/>\n<a href=\"http:\/\/www.annee-philologique.com\/aph\/\">Ann\u00e9e Philologique<\/a><br \/>\n<a href=\"http:\/\/www.daphne.cnrs.fr\/daphne\/search.html\">Daphn\u00e8<\/a><br \/>\n<a href=\"http:\/\/www.stoa.org\/diotima\/\">Diotima<\/a> (pour l&rsquo;histoire des femmes et du genre)<br \/>\nBryn Mawr Classical Review (<a href=\"http:\/\/bmcr.brynmawr.edu\/?utm_source=bmcr-l&amp;utm_campaign=ab94f41ac8-2009_09_628_27_2009&amp;utm_medium=email\">BMCR<\/a>)<br \/>\nSite <a href=\"http:\/\/www.parutions.com\/index.php?pid=1&amp;rid=4\">Parutions.com<\/a><\/p>\n<p><a name=\"ancre8\"><\/a><b><i>Portails de revues en ligne<\/i><\/b><br \/>\n<i>Les portails libres<\/i> :<br \/>\n<a href=\"http:\/\/www.persee.fr\/web\/guest\/home\">Pers\u00e9e<\/a><br \/>\n<a href=\"http:\/\/www.revues.org\/\">Revues.org<\/a><br \/>\nPresses de Besan\u00e7on: <a href=\"http:\/\/ista.univ-fcomte.fr\/publications\/catalogue_biblio_numerique.html\">LibrISTA<\/a><br \/>\n<a href=\"http:\/\/www.unicaen.fr\/puc\/mot.php3?id_groupe=2\">Presses universitaires de Caen<\/a> ; avec la revue <a href=\"http:\/\/www.unicaen.fr\/puc\/spip.php?rubrique142\">Kentron<\/a><br \/>\n<a href=\"http:\/\/chs.harvard.edu\/wb\/1\/wo\/XXaz5nGn1EuB2GPJbSjAYw\/4.0.0.0.19.1.7.15.1.1.0.1.2.0.3.1.3.3.1\">Center for Hellenic Studies<\/a><br \/>\n<a href=\"http:\/\/www.gnomon-online.de\/\">Gnomon<\/a> (banque de bibliographie)<br \/>\n<a href=\"http:\/\/opac.dainst.org\/F\/MMEC7V5X26USJM696VXKBC1X9L697KJI6PDSNYGB6TCGSP6VNC-40930?func=find-b-0\">Zenon-DAI<\/a><br \/>\n<a href=\"http:\/\/ancientworldonline.blogspot.com\/2009\/10\/alphabetical-list-of-open-access.html\">Blog de Charles Ellwood Jones<\/a>, biblioth\u00e9caire de l&rsquo;Institute for the Study of the Ancient World \u00e0 NY University (liste de ressources en acc\u00e8s libre)<br \/>\n<a href=\"http:\/\/periodici.librari.beniculturali.it\/\" target=\"_blank\">P\u00e9riodiques italiens anciens en version num\u00e9rique (utile pour les fouilles du XIXe et du d\u00e9but du XXe) <\/a><br \/>\n<a href=\"http:\/\/grbs.library.duke.edu\/issue\/archive\">Revue GRBS, et leurs monographies<br \/>\n<\/a>Revue Museum Helveticum <a href=\"http:\/\/retro.seals.ch\/digbib\/vollist?UID=mhl-001&amp;id=browse&amp;id2=browse1\">en ligne<\/a><br \/>\n<em>American Journal of Archeology<\/em> en acc\u00e8s libre (<a href=\"http:\/\/www.ajaonline.org\/openaccess\">ici<\/a>)<\/p>\n<p><i>Les portails \u00e0 acc\u00e8s limit\u00e9<\/i><br \/>\n<a href=\"http:\/\/www.cairn.info\/\">Cairn<\/a><br \/>\n<a href=\"http:\/\/biblioshs.inist.fr\/\">INIST<\/a><br \/>\nJSTOR (plus de 820 revues, anglo-saxones mais pas seulement) : plusieurs acc\u00e8s propos\u00e9s :<\/p>\n<ul>\n<li>par <a href=\"http:\/\/www.jstor.org.domino-ip2.univ-paris1.fr\/\">Paris 1<\/a><\/li>\n<li>par <a href=\"http:\/\/ezproxy.univ-paris3.fr\/login?url=http:\/\/www.jstor.org\/search\">Paris 3<\/a><\/li>\n<li>par <a href=\"http:\/\/inti.univ-paris4.fr\/F\/A61VSSXH75Q6TKSYIUN85Y48SR4E8IFAPCYBQ4EVY221P2DDT5-07534?func=service&amp;doc_library=MAH01&amp;doc_number=001623179&amp;line_number=0001&amp;func_code=WEB-FULL&amp;service_type=MEDIA\">Paris 4<\/a><\/li>\n<li>par <a href=\"https:\/\/cas.sc.univ-paris-diderot.fr\/login?service=http:\/\/rproxy.sc.univ-paris-diderot.fr\/login?qurl=ezp.2aHR0cDovL3d3dy5qc3Rvci5vcmcv\">Paris 7<\/a><\/li>\n<li>par <a href=\"https:\/\/cas.univ-mlv.fr\/login?service=https:\/\/fennec.univ-mlv.fr\/casReturn\/eJzTzygpKdAvLy_XyyouyS_Syy9KBwBIIAda\">Paris Est Marne-la-Vall\u00e9e<\/a><\/li>\n<li>par les <a href=\"http:\/\/www.bibliotheque.sorbonne.fr\/sid\/consult.php?id_article=199\">ressources de la BU Sorbonne<\/a><\/li>\n<li>si vous \u00eates inscrits dans d&rsquo;autres universit\u00e9s, vous trouverez JSTOR normalement dans les ressources \u00e9lectroniques du SCD de votre universit\u00e9.<\/li>\n<\/ul>\n<p>Periodical archive online (acc\u00e8s <a href=\"http:\/\/pao.chadwyck.co.uk.domino-ip2.univ-paris1.fr\/home.do\">Paris 1<\/a>)<br \/>\nBrill on line (livres dont la <em>Neue Pauly<\/em>) (acc\u00e8s <a href=\"http:\/\/www.brillonline.nl.domino-ip2.univ-paris1.fr\/subscriber\/uid=1404\/?authstatuscode=202\">Paris 1<\/a>)<br \/>\nWiley <a href=\"http:\/\/info.onlinelibrary.wiley.com\/view\/0\/index.html%20%20http:\/\/onlinelibrary.wiley.com.domino-ip2.univ-paris1.fr\/\">online Library<\/a> (remplace Wiley InterScience)<br \/>\n<a href=\"http:\/\/www.numismaticadellostato.it\/introBoll.do?prov=H\">Bulletin numismatique<\/a> (en italien)<\/p>\n<p><i>Les portails de redirection<\/i><br \/>\n<a href=\"http:\/\/signets.bnf.fr\/accueil.html\">Signets<\/a> de la BNF (incomplet)<br \/>\n<a href=\"http:\/\/atoz.ebsco.com\/titles.asp?id=9838&amp;sid=152960256&amp;lang=fr&amp;TabID=2\">INHA<\/a><br \/>\n<a href=\"http:\/\/www.reseau-mirabel.info\/\">Mirabel<\/a><br \/>\n<a href=\"http:\/\/urfist.enc.sorbonne.fr\/\">URFIST<\/a><br \/>\n<a href=\"http:\/\/www.univ-paris1.fr\/bibliotheques\/les-ressources-electroniques\/\">Paris 1<\/a><br \/>\n<a href=\"http:\/\/www.biu.sorbonne.fr\/sid\/\">Biblioth\u00e8que de la Sorbonne<\/a><br \/>\n<a href=\"http:\/\/www.ehess.fr\/fr\/ressources-documentaires\/e-ressources\">EHESS<\/a><br \/>\n<a href=\"http:\/\/bibliotheque.univ-paris-diderot.fr\/guides\/ressources-electroniques.html\">Paris 7<\/a><\/p>\n<p><a name=\"ancre9\"><\/a><em><strong>Ouvrages en acc\u00e8s libre ou limit\u00e9<\/strong><\/em><br \/>\n<a href=\"http:\/\/gallica.bnf.fr\/\">Gallica<\/a><br \/>\n<a href=\"http:\/\/dagr.univ-tlse2.fr\/sdx\/dagr\/index.xsp\">Daremberg et Saglio<\/a> (dictionnaire des Antiquit\u00e9s)<br \/>\n<a href=\"http:\/\/hal.archives-ouvertes.fr\/\">HAL <\/a>(Archives ouvertes : th\u00e8ses, articles,&#8230;)<br \/>\n<a href=\"http:\/\/tel.archives-ouvertes.fr\/index.php?b_type=browse_domain&amp;halsid=svvlgm55o2qrp2c7r3ra5a5su3&amp;opened[]=109&amp;opened[]=117\">TEL<\/a> (Archives ouvertes : th\u00e8ses, articles,&#8230;)<br \/>\n<a href=\"http:\/\/books.google.fr\/bkshp?hl=fr&amp;tab=wp\">Google livres<\/a><br \/>\n<a href=\"http:\/\/www.gutenberg.org\/wiki\/Main_Page\">Projet Gutemberg<\/a><br \/>\n<a href=\"http:\/\/openlibrary.org\/\">Open library<\/a><br \/>\n<a href=\"http:\/\/ista.univ-fcomte.fr\/publications\/catalogue_biblio_numerique.html\">ISTA<\/a> Universit\u00e9 de Franche Comt\u00e9<\/p>\n","protected":false},"excerpt":{"rendered":"<p>Gaelle Deschodt a pr\u00e9sent\u00e9 lors du s\u00e9minaire des doctorants du 15 novembre 2010 une mise au point sur les ressources en ligne, \u00e0 la disposition des \u00e9tudiants tant pour les sources que pour la litt\u00e9rature secondaire. Ces pages sont r\u00e9guli\u00e8rement compl\u00e9t\u00e9es. Si vous souhaitez ajouter des pages qui ne sont pas pr\u00e9sentes ici, vous pouvez [&hellip;]<\/p>\n","protected":false},"author":1,"featured_media":0,"parent":0,"menu_order":0,"comment_status":"closed","ping_status":"closed","template":"template-full-width.php","meta":{"footnotes":""},"_links":{"self":[{"href":"https:\/\/association-lesargonautes.fr\/index.php?rest_route=\/wp\/v2\/pages\/57"}],"collection":[{"href":"https:\/\/association-lesargonautes.fr\/index.php?rest_route=\/wp\/v2\/pages"}],"about":[{"href":"https:\/\/association-lesargonautes.fr\/index.php?rest_route=\/wp\/v2\/types\/page"}],"author":[{"embeddable":true,"href":"https:\/\/association-lesargonautes.fr\/index.php?rest_route=\/wp\/v2\/users\/1"}],"replies":[{"embeddable":true,"href":"https:\/\/association-lesargonautes.fr\/index.php?rest_route=%2Fwp%2Fv2%2Fcomments&post=57"}],"version-history":[{"count":0,"href":"https:\/\/association-lesargonautes.fr\/index.php?rest_route=\/wp\/v2\/pages\/57\/revisions"}],"wp:attachment":[{"href":"https:\/\/association-lesargonautes.fr\/index.php?rest_route=%2Fwp%2Fv2%2Fmedia&parent=57"}],"curies":[{"name":"wp","href":"https:\/\/api.w.org\/{rel}","templated":true}]}}