{"id":558,"date":"2017-12-01T12:13:52","date_gmt":"2017-12-01T11:13:52","guid":{"rendered":"http:\/\/association-lesargonautes.fr\/?page_id=558"},"modified":"2017-12-01T12:13:52","modified_gmt":"2017-12-01T11:13:52","slug":"journee-2018-corps-et-pouvoir","status":"publish","type":"page","link":"https:\/\/association-lesargonautes.fr\/?page_id=558","title":{"rendered":"Journ\u00e9e 2018 : Corps et pouvoir"},"content":{"rendered":"<div class=\"m_-4805956098819549640gmail-x_gmail_msg\"><strong>La journ\u00e9e doctorale ANHIMA 2018, organis\u00e9e par H\u00e9l\u00e8ne Castelli (Paris 1) et Eleonora Colangelo (Paris 7), aura lieu le\u00a0<\/strong><strong>samedi 14 avril 2018 en salle Walter Benjamin (INHA).<\/strong><\/div>\n<div>L\u2019appel \u00e0 communication sera diffus\u00e9 tr\u00e8s prochainement.<\/div>\n","protected":false},"excerpt":{"rendered":"<p>La journ\u00e9e doctorale ANHIMA 2018, organis\u00e9e par H\u00e9l\u00e8ne Castelli (Paris 1) et Eleonora Colangelo (Paris 7), aura lieu le\u00a0samedi 14 avril 2018 en salle Walter Benjamin (INHA). L\u2019appel \u00e0 communication sera diffus\u00e9 tr\u00e8s prochainement.<\/p>\n","protected":false},"author":1,"featured_media":0,"parent":0,"menu_order":0,"comment_status":"closed","ping_status":"closed","template":"","meta":{"footnotes":""},"_links":{"self":[{"href":"https:\/\/association-lesargonautes.fr\/index.php?rest_route=\/wp\/v2\/pages\/558"}],"collection":[{"href":"https:\/\/association-lesargonautes.fr\/index.php?rest_route=\/wp\/v2\/pages"}],"about":[{"href":"https:\/\/association-lesargonautes.fr\/index.php?rest_route=\/wp\/v2\/types\/page"}],"author":[{"embeddable":true,"href":"https:\/\/association-lesargonautes.fr\/index.php?rest_route=\/wp\/v2\/users\/1"}],"replies":[{"embeddable":true,"href":"https:\/\/association-lesargonautes.fr\/index.php?rest_route=%2Fwp%2Fv2%2Fcomments&post=558"}],"version-history":[{"count":1,"href":"https:\/\/association-lesargonautes.fr\/index.php?rest_route=\/wp\/v2\/pages\/558\/revisions"}],"predecessor-version":[{"id":560,"href":"https:\/\/association-lesargonautes.fr\/index.php?rest_route=\/wp\/v2\/pages\/558\/revisions\/560"}],"wp:attachment":[{"href":"https:\/\/association-lesargonautes.fr\/index.php?rest_route=%2Fwp%2Fv2%2Fmedia&parent=558"}],"curies":[{"name":"wp","href":"https:\/\/api.w.org\/{rel}","templated":true}]}}