{"id":551,"date":"2017-12-01T12:10:46","date_gmt":"2017-12-01T11:10:46","guid":{"rendered":"http:\/\/association-lesargonautes.fr\/?page_id=551"},"modified":"2017-12-01T12:10:46","modified_gmt":"2017-12-01T11:10:46","slug":"journee-2017-agents-intentionnalites-et-modes-dagir","status":"publish","type":"page","link":"https:\/\/association-lesargonautes.fr\/?page_id=551","title":{"rendered":"Journ\u00e9e 2017 : Agents, intentionnalit\u00e9s et modes d\u2019agir"},"content":{"rendered":"<h3 style=\"text-align: center;\">La journ\u00e9e doctorale AnHiMA 2016 aura lieu le 20 mai 2017<\/h3>\n<p>Cette journ\u00e9e sera organis\u00e9e par Manon Brouillet (EHESS) et Alessandro Buccheri (EHESS) sur le th\u00e8me:<\/p>\n<h2 style=\"text-align: center;\">En action. Agents, intentionnalit\u00e9s et modes d\u2019agir dans l\u2019Antiquit\u00e9<\/h2>\n<p>Vous trouverez le programme de la journ\u00e9e <a href=\"http:\/\/www.anhima.fr\/IMG\/pdf\/affichejourneedoc.pdf\">sur cette page<\/a>.<\/p>\n","protected":false},"excerpt":{"rendered":"<p>La journ\u00e9e doctorale AnHiMA 2016 aura lieu le 20 mai 2017 Cette journ\u00e9e sera organis\u00e9e par Manon Brouillet (EHESS) et Alessandro Buccheri (EHESS) sur le th\u00e8me: En action. Agents, intentionnalit\u00e9s et modes d\u2019agir dans l\u2019Antiquit\u00e9 Vous trouverez le programme de la journ\u00e9e sur cette page.<\/p>\n","protected":false},"author":1,"featured_media":0,"parent":0,"menu_order":0,"comment_status":"closed","ping_status":"closed","template":"","meta":{"footnotes":""},"_links":{"self":[{"href":"https:\/\/association-lesargonautes.fr\/index.php?rest_route=\/wp\/v2\/pages\/551"}],"collection":[{"href":"https:\/\/association-lesargonautes.fr\/index.php?rest_route=\/wp\/v2\/pages"}],"about":[{"href":"https:\/\/association-lesargonautes.fr\/index.php?rest_route=\/wp\/v2\/types\/page"}],"author":[{"embeddable":true,"href":"https:\/\/association-lesargonautes.fr\/index.php?rest_route=\/wp\/v2\/users\/1"}],"replies":[{"embeddable":true,"href":"https:\/\/association-lesargonautes.fr\/index.php?rest_route=%2Fwp%2Fv2%2Fcomments&post=551"}],"version-history":[{"count":1,"href":"https:\/\/association-lesargonautes.fr\/index.php?rest_route=\/wp\/v2\/pages\/551\/revisions"}],"predecessor-version":[{"id":553,"href":"https:\/\/association-lesargonautes.fr\/index.php?rest_route=\/wp\/v2\/pages\/551\/revisions\/553"}],"wp:attachment":[{"href":"https:\/\/association-lesargonautes.fr\/index.php?rest_route=%2Fwp%2Fv2%2Fmedia&parent=551"}],"curies":[{"name":"wp","href":"https:\/\/api.w.org\/{rel}","templated":true}]}}