{"id":545,"date":"2017-12-01T11:55:55","date_gmt":"2017-12-01T10:55:55","guid":{"rendered":"http:\/\/association-lesargonautes.fr\/?page_id=545"},"modified":"2017-12-01T12:12:39","modified_gmt":"2017-12-01T11:12:39","slug":"journee-2016-gagner-sa-vie","status":"publish","type":"page","link":"https:\/\/association-lesargonautes.fr\/?page_id=545","title":{"rendered":"Journ\u00e9e 2016 : Gagner sa vie"},"content":{"rendered":"<h3 style=\"text-align: center;\"><strong>La journ\u00e9e doctorale AnHiMA 2016 aura lieu le 21 mai 2016<em><br \/>\n<\/em><\/strong><\/h3>\n<p>Cette journ\u00e9e sera organis\u00e9e par Alexis M\u00e9zr\u00e1ros (Paris 1) et Marie-Laure Sronek (Paris 1) sur le th\u00e8me:<\/p>\n<h2 style=\"text-align: center;\"><strong><em>Gagner sa vie<\/em>\u00a0dans les mondes anciens<\/strong><\/h2>\n<p>Vous trouverez le programme de la journ\u00e9e <a href=\"http:\/\/www.anhima.fr\/IMG\/pdf\/gagner_sa_vie_dans_les_mondes_anciens_programme.pdf\">sur cette page<\/a>.<\/p>\n","protected":false},"excerpt":{"rendered":"<p>La journ\u00e9e doctorale AnHiMA 2016 aura lieu le 21 mai 2016 Cette journ\u00e9e sera organis\u00e9e par Alexis M\u00e9zr\u00e1ros (Paris 1) et Marie-Laure Sronek (Paris 1) sur le th\u00e8me: Gagner sa vie\u00a0dans les mondes anciens Vous trouverez le programme de la journ\u00e9e sur cette page.<\/p>\n","protected":false},"author":1,"featured_media":0,"parent":349,"menu_order":0,"comment_status":"closed","ping_status":"closed","template":"","meta":{"footnotes":""},"_links":{"self":[{"href":"https:\/\/association-lesargonautes.fr\/index.php?rest_route=\/wp\/v2\/pages\/545"}],"collection":[{"href":"https:\/\/association-lesargonautes.fr\/index.php?rest_route=\/wp\/v2\/pages"}],"about":[{"href":"https:\/\/association-lesargonautes.fr\/index.php?rest_route=\/wp\/v2\/types\/page"}],"author":[{"embeddable":true,"href":"https:\/\/association-lesargonautes.fr\/index.php?rest_route=\/wp\/v2\/users\/1"}],"replies":[{"embeddable":true,"href":"https:\/\/association-lesargonautes.fr\/index.php?rest_route=%2Fwp%2Fv2%2Fcomments&post=545"}],"version-history":[{"count":3,"href":"https:\/\/association-lesargonautes.fr\/index.php?rest_route=\/wp\/v2\/pages\/545\/revisions"}],"predecessor-version":[{"id":556,"href":"https:\/\/association-lesargonautes.fr\/index.php?rest_route=\/wp\/v2\/pages\/545\/revisions\/556"}],"up":[{"embeddable":true,"href":"https:\/\/association-lesargonautes.fr\/index.php?rest_route=\/wp\/v2\/pages\/349"}],"wp:attachment":[{"href":"https:\/\/association-lesargonautes.fr\/index.php?rest_route=%2Fwp%2Fv2%2Fmedia&parent=545"}],"curies":[{"name":"wp","href":"https:\/\/api.w.org\/{rel}","templated":true}]}}