{"id":532,"date":"2017-11-29T19:11:48","date_gmt":"2017-11-29T18:11:48","guid":{"rendered":"http:\/\/association-lesargonautes.fr\/?page_id=532"},"modified":"2017-12-01T11:49:28","modified_gmt":"2017-12-01T10:49:28","slug":"seminaire-2015-2016-historiographies-antiques","status":"publish","type":"page","link":"https:\/\/association-lesargonautes.fr\/?page_id=532","title":{"rendered":"S\u00e9minaire des doctorants 2015-2016"},"content":{"rendered":"<h2><strong>Ann\u00e9e 2015-2016 : l\u2019historiographie antique \u00e0 travers <em>L\u2019histoire, d\u2019Hom\u00e8re \u00e0 Augustin<\/em>, de F. Hartog et M. Casevitz.\u00a0<\/strong><\/h2>\n<p>Responsables :\u00a0Romain Guicharousse\u00a0et\u00a0Vincent N\u2019Guyen-Van.<\/p>\n<p>Le s\u00e9minaire des doctorants pour l\u2019ann\u00e9e 2015-2016\u00a0 est consacr\u00e9 \u00e0 l\u2019historiographie antique et \u00e0 l\u2019historiographie de l\u2019Antiquit\u00e9.\u00a0 Il \u00e9tudiera en parall\u00e8le la fa\u00e7on dont les anciens disaient vouloir \u00e9crire l\u2019histoire et la fa\u00e7on dont leur histoire a \u00e9t\u00e9 \u00e9crite par les modernes. Cette r\u00e9flexion s\u2019appuiera sur la lecture collective du recueil\u00a0<em>L\u2019histoire d\u2019Hom\u00e8re \u00e0 Augustin <\/em>et de pr\u00e9sentations individuelles provenant des diff\u00e9rents th\u00e8mes de recherche des doctorants. Ceux-ci sont invit\u00e9s \u00e0 proposer des sujets d\u2019intervention.<\/p>\n<p>&nbsp;<\/p>\n<ul>\n<li><em>17 Septembre 2015<\/em><\/li>\n<\/ul>\n<p>S\u00e9ance de rentr\u00e9e : pr\u00e9sentation du livre <em>L\u2019histoire d\u2019Hom\u00e8re \u00e0 Augustin<\/em> par les deux responsables du s\u00e9minaire et mise en place du calendrier pour l\u2019ann\u00e9e.<\/p>\n<p>&nbsp;<\/p>\n<ul>\n<li><em>15 Octobre 2015<\/em><\/li>\n<\/ul>\n<p>Theo Polychronis\u00a0(Aix-Marseille) : \u00ab\u00a0Rapport sur l\u2019\u00c9tat pr\u00e9sent des \u00c9tudes relatives \u00e0 l\u2019historiographie antique : Hellanicos de Lesbos, H\u00e9rodote, Thucydide.\u00a0\u00bb<\/p>\n<p>&nbsp;<\/p>\n<ul>\n<li><em>12 Novembre 2015<\/em><\/li>\n<\/ul>\n<p>H\u00e9l\u00e8ne Castelli\u00a0(Paris I) :\u00a0\u00a0\u00a0\u00bb Une pr\u00e9sentation tr\u00e8s personnelle des\u00a0 historiographies de la m\u00e9decine \u00a0\u00bb<\/p>\n<p>&nbsp;<\/p>\n<ul>\n<li><em>10 D\u00e9cembre 2015<\/em><\/li>\n<\/ul>\n<p>S\u00e9ance annul\u00e9e.<\/p>\n<p>&nbsp;<\/p>\n<ul>\n<li><em>14 Janvier 2016<\/em><\/li>\n<\/ul>\n<p>Nicolas Siron\u00a0(Paris I) : \u00a0\u00bb D\u00e9mosth\u00e8ne d\u2019Ath\u00e8nes ne sait pas \u00e9crire de discours \u00ab\u00a0. L\u2019inexp\u00e9rience des orateurs dans les discours judiciaires Attiques.<\/p>\n<p>&nbsp;<\/p>\n<ul>\n<li><em>25 F\u00e9vrier 2016<\/em><\/li>\n<\/ul>\n<p>Alexis Meszaros\u00a0(Paris I) : \u00a0\u00bb Denys d\u2019Halicarnasse \u00ab\u00a0.<\/p>\n<p>Chris Rodriguez\u00a0(Paris I) : \u00a0\u00bb Auguste, veinard et poltron ; la bataille d\u2019Actium chez Nic\u00e9phore Gr\u00e9goras. \u00a0\u00bb<\/p>\n<p>&nbsp;<\/p>\n<ul>\n<li><em>17 Mars 2016<\/em><\/li>\n<\/ul>\n<p>Vincent N\u2019Guyen-Van\u00a0(Paris I) : \u00a0\u00bb Histoire de la guerre, histoire militaire, histoire-batailles ? \u00a0\u00bb<\/p>\n<p>&nbsp;<\/p>\n<ul>\n<li><em>14 Avril 2016<\/em><\/li>\n<\/ul>\n<p>Manon Brouillet\u00a0(EHESS)<\/p>\n<p>&nbsp;<\/p>\n<ul>\n<li><em>12 Mai 2016<\/em><\/li>\n<\/ul>\n<p>Marguerite Rousselot\u00a0(EPHE)<\/p>\n<p>&nbsp;<\/p>\n<ul>\n<li><em>16 Juin 2016<\/em><\/li>\n<\/ul>\n<p>Romain Guicharousse\u00a0(Paris I) : \u00a0\u00bb\u00a0Citoyennet\u00e9 et des \u00e9trangers \u00e0 Ath\u00e8nes: historiographies compar\u00e9es \u00ab\u00a0.<\/p>\n<p>Anne-Lise Pestel\u00a0(Paris I)<\/p>\n","protected":false},"excerpt":{"rendered":"<p>Ann\u00e9e 2015-2016 : l\u2019historiographie antique \u00e0 travers L\u2019histoire, d\u2019Hom\u00e8re \u00e0 Augustin, de F. Hartog et M. Casevitz.\u00a0 Responsables :\u00a0Romain Guicharousse\u00a0et\u00a0Vincent N\u2019Guyen-Van. Le s\u00e9minaire des doctorants pour l\u2019ann\u00e9e 2015-2016\u00a0 est consacr\u00e9 \u00e0 l\u2019historiographie antique et \u00e0 l\u2019historiographie de l\u2019Antiquit\u00e9.\u00a0 Il \u00e9tudiera en parall\u00e8le la fa\u00e7on dont les anciens disaient vouloir \u00e9crire l\u2019histoire et la fa\u00e7on dont [&hellip;]<\/p>\n","protected":false},"author":1,"featured_media":0,"parent":0,"menu_order":0,"comment_status":"closed","ping_status":"closed","template":"","meta":{"footnotes":""},"_links":{"self":[{"href":"https:\/\/association-lesargonautes.fr\/index.php?rest_route=\/wp\/v2\/pages\/532"}],"collection":[{"href":"https:\/\/association-lesargonautes.fr\/index.php?rest_route=\/wp\/v2\/pages"}],"about":[{"href":"https:\/\/association-lesargonautes.fr\/index.php?rest_route=\/wp\/v2\/types\/page"}],"author":[{"embeddable":true,"href":"https:\/\/association-lesargonautes.fr\/index.php?rest_route=\/wp\/v2\/users\/1"}],"replies":[{"embeddable":true,"href":"https:\/\/association-lesargonautes.fr\/index.php?rest_route=%2Fwp%2Fv2%2Fcomments&post=532"}],"version-history":[{"count":3,"href":"https:\/\/association-lesargonautes.fr\/index.php?rest_route=\/wp\/v2\/pages\/532\/revisions"}],"predecessor-version":[{"id":544,"href":"https:\/\/association-lesargonautes.fr\/index.php?rest_route=\/wp\/v2\/pages\/532\/revisions\/544"}],"wp:attachment":[{"href":"https:\/\/association-lesargonautes.fr\/index.php?rest_route=%2Fwp%2Fv2%2Fmedia&parent=532"}],"curies":[{"name":"wp","href":"https:\/\/api.w.org\/{rel}","templated":true}]}}