{"id":493,"date":"2017-11-28T19:05:14","date_gmt":"2017-11-28T18:05:14","guid":{"rendered":"http:\/\/association-lesargonautes.fr\/?page_id=493"},"modified":"2022-10-19T16:15:36","modified_gmt":"2022-10-19T14:15:36","slug":"seminaire-2017-2018","status":"publish","type":"page","link":"https:\/\/association-lesargonautes.fr\/?page_id=493","title":{"rendered":"S\u00e9minaire des doctorants 2017-2018"},"content":{"rendered":"<div class=\"cartouche\">\n<p class=\"crayon article-soustitre-1913 soustitre\">\u00ab\u00a0V\u00eatements et tissus dans l\u2019antiquit\u00e9 gr\u00e9co-romaine\u00a0\u00bb<\/p>\n<\/div>\n<div class=\"surlignable\">\n<div class=\"crayon article-texte-1913 texte\">\n<p>Ouvert aux \u00e9tudiants de master, doctorants et post-doctorants, ce s\u00e9minaire vise \u00e0 promouvoir les \u00e9changes entre \u00e9tudiants en leur offrant un cadre informel de dialogue et de r\u00e9flexion commune. Dans le cadre d\u2019ateliers collectifs ou de communications ponctuelles, chaque participant est invit\u00e9 \u00e0 partager ses comp\u00e9tences particuli\u00e8res et ses approches scientifiques avec les autres \u00e9tudiants. Le s\u00e9minaire tire en cela parti de la diversit\u00e9 des p\u00e9riodes, sources et th\u00e9matiques de recherche r\u00e9unies au sein de l\u2019\u00e9quipe ANHIMA.<br class=\"autobr\" \/><br class=\"autobr\" \/>Organis\u00e9 par Dimitri Maillard (dimitri.maillard[at]univ-paris1.fr) et Flavien Villard (flavien.villard[at]univ-paris1.fr)<br class=\"autobr\" \/><br class=\"autobr\" \/>Chaque s\u00e9ance comprend deux temps bien distincts. Le s\u00e9minaire ouvre sur une pr\u00e9sentation par un doctorant d\u2019un \u00e9tat de sa recherche sur un sujet pr\u00e9cis, en rapport avec le th\u00e8me choisi cette ann\u00e9e\u00a0: <strong>\u00ab\u00a0V\u00eatements et tissus dans l\u2019antiquit\u00e9 gr\u00e9co-romaine\u00a0\u00bb<\/strong>. La discussion se poursuit par la lecture suivie et comment\u00e9e d\u2019un ouvrage. De novembre \u00e0 f\u00e9vrier, il s\u2019agit de<i> L\u2019Assembl\u00e9e des femmes<\/i> d\u2019Aristophane, puis, de mars \u00e0 mai, du <i>Curculio<\/i> de Plaute.<\/p>\n<\/div>\n<\/div>\n<div class=\"surlignable\">\n<div class=\"crayon article-texte-1913 texte\">\n<p><a href=\"https:\/\/association-lesargonautes.fr\/wp-content\/uploads\/2018\/01\/Se\u0301minaire-des-doctorants-planning.pdf\">Planning du se\u0301minaire des doctorants<\/a><\/p>\n<p>Les s\u00e9ances ont lieu dans la salle de s\u00e9minaire de la biblioth\u00e8que Gernet-Glotz aux dates suivantes\u00a0:<br class=\"autobr\" \/><br class=\"autobr\" \/>Jeudi 16 novembre 2017 : Flavien VILLARD (Paris 1-ANHIMA) <em>Atalante et le<\/em> periz\u00f4ma<em> \u00e9rotique<\/em> ; Aristophane, <em>Assembl\u00e9e des Femmes<\/em>, 1-370<\/p>\n<p>Mardi 19 d\u00e9cembre 2017 : H\u00e9l\u00e8ne CASTELLI (Paris 1-ANHIMA) <em>Les textiles, outils au service de la ma\u00eetrise des corps malades dans le Corpus hippocratique ;<\/em> Aristophane<em>, Assembl\u00e9e des Femmes,<\/em> 370-730<\/p>\n<p>Mercredi 17 janvier 2018 : Dimitri MAILLARD, (Paris 1-ANHIMA) <em>La diplomatie du si\u00e8ge curule : les cadeaux d\u2019insignes du pouvoir romains aux souverains \u00e9trangers<\/em> ; Aristophane, <em>Assembl\u00e9e des femmes,<\/em> 730-975<\/p>\n<p>Mercredi 21 f\u00e9vrier 2018 : David LORIN (EPHE-ANHIMA) <em>Les textiles coptes, indices de la christianisation de l\u2019Egypte dans l\u2019Antiquit\u00e9 tardive<\/em> ; Aristophane, <em>Assembl\u00e9e des femmes<\/em>, 976-1183<\/p>\n<p>Mercredi 14 mars 2018 : Eleonora COLANGELO (Paris 7-ANHIMA) et Valentina MUSSA (Paris 4) <em>La valeur \u00e9conomique du skh\u00eama. Suggestions philologiques et \u00e9vidences \u00e9pigraphiques<\/em> ; Plaute, <em>Curculio,<\/em> 1-250<\/p>\n<p>Mercredi 11 avril 2018 : Adrien COIGNOUX (Paris 1-ANHIMA) <em>Souillure et distinctions vestimentaires, les libitinarii et le traitement de la mort \u00e0 Rome<\/em> ; Plaute, <em>Curculio,<\/em> 251-486<\/p>\n<p>Mercredi 16 mai 2018 : Nicolas SIRON (Paris 1-ANHIMA) <em>Solon gardait-il la main dans son manteau ? Les enjeux de l\u2019appel \u00e0 la connaissance des juges dans la controverse entre Eschine et D\u00e9mosth\u00e8ne<\/em> ; Plaute, <em>Curculio,<\/em> 486-729<\/p>\n<p>Mercredi 20 juin 2018 : Alexis MESZAROS (Paris 1-ANHIMA, CPAF-Aix Marseille) <em>C\u00e9sar et la toge maudite<\/em><\/p>\n<\/div>\n<\/div>\n","protected":false},"excerpt":{"rendered":"<p>\u00ab\u00a0V\u00eatements et tissus dans l\u2019antiquit\u00e9 gr\u00e9co-romaine\u00a0\u00bb Ouvert aux \u00e9tudiants de master, doctorants et post-doctorants, ce s\u00e9minaire vise \u00e0 promouvoir les \u00e9changes entre \u00e9tudiants en leur offrant un cadre informel de dialogue et de r\u00e9flexion commune. Dans le cadre d\u2019ateliers collectifs ou de communications ponctuelles, chaque participant est invit\u00e9 \u00e0 partager ses comp\u00e9tences particuli\u00e8res et ses [&hellip;]<\/p>\n","protected":false},"author":1,"featured_media":0,"parent":0,"menu_order":0,"comment_status":"closed","ping_status":"closed","template":"","meta":{"footnotes":""},"_links":{"self":[{"href":"https:\/\/association-lesargonautes.fr\/index.php?rest_route=\/wp\/v2\/pages\/493"}],"collection":[{"href":"https:\/\/association-lesargonautes.fr\/index.php?rest_route=\/wp\/v2\/pages"}],"about":[{"href":"https:\/\/association-lesargonautes.fr\/index.php?rest_route=\/wp\/v2\/types\/page"}],"author":[{"embeddable":true,"href":"https:\/\/association-lesargonautes.fr\/index.php?rest_route=\/wp\/v2\/users\/1"}],"replies":[{"embeddable":true,"href":"https:\/\/association-lesargonautes.fr\/index.php?rest_route=%2Fwp%2Fv2%2Fcomments&post=493"}],"version-history":[{"count":7,"href":"https:\/\/association-lesargonautes.fr\/index.php?rest_route=\/wp\/v2\/pages\/493\/revisions"}],"predecessor-version":[{"id":716,"href":"https:\/\/association-lesargonautes.fr\/index.php?rest_route=\/wp\/v2\/pages\/493\/revisions\/716"}],"wp:attachment":[{"href":"https:\/\/association-lesargonautes.fr\/index.php?rest_route=%2Fwp%2Fv2%2Fmedia&parent=493"}],"curies":[{"name":"wp","href":"https:\/\/api.w.org\/{rel}","templated":true}]}}