{"id":349,"date":"2014-04-28T10:25:54","date_gmt":"2014-04-28T09:25:54","guid":{"rendered":"http:\/\/www.association-argonautes.fr\/?page_id=349"},"modified":"2017-12-01T11:57:59","modified_gmt":"2017-12-01T10:57:59","slug":"journee-doctorale-anhima-2014","status":"publish","type":"page","link":"https:\/\/association-lesargonautes.fr\/?page_id=349","title":{"rendered":"Journ\u00e9e 2014 : Montrer, d\u00e9montrer"},"content":{"rendered":"<pre style=\"text-align: justify;\">Vous \u00eates ici sur une page d'archive. Le programme des prochaines journ\u00e9es est accessible <a title=\"Journ\u00e9es doctorales d\u2019ANHIMA\" href=\"http:\/\/www.association-argonautes.fr\/journees-doctorales-anhima\/\">ici<\/a>.<\/pre>\n<h3 style=\"text-align: justify;\"><span style=\"text-decoration: underline;\"><strong>\u00ab\u00a0Montrer, d\u00e9montrer. La validation des actes, des savoirs et des statuts de l&rsquo;Antiquit\u00e9 \u00e0 sa r\u00e9ception\u00a0\u00bb<\/strong><\/span><\/h3>\n<p style=\"text-align: justify;\">La journ\u00e9e s\u2019est d\u00e9roul\u00e9e le samedi 5 avril en salle Vasari \u00e0 l\u2019INHA. Vous pouvez en d\u00e9couvrir un aper\u00e7u \u00e0 travers la galerie de photos ci-dessous et gr\u00e2ce \u00e0 des extraits vid\u00e9o.<\/p>\n<p style=\"text-align: justify;\">Vous pouvez \u00e9galement retrouver le programme complet de la journ\u00e9e <a href=\"http:\/\/www.association-argonautes.fr\/wp-content\/uploads\/2014\/01\/Journ\u00e9e_Doctorale_ANHIMA_2014_Affiche.pdf\">ici<\/a>.<\/p>\n<p style=\"text-align: center;\"><iframe loading=\"lazy\" src=\"\/\/www.youtube.com\/embed\/h08tKvw3FR0?rel=0\" width=\"640\" height=\"480\" frameborder=\"0\" allowfullscreen=\"allowfullscreen\"><\/iframe><\/p>\n<p style=\"text-align: justify;\">Nicolas Siron (Paris 1) et Elise Lehoux (EHESS \u2013 R\u00e9gion \u00cele-de-France)\u00a0: Introduction<\/p>\n<p style=\"text-align: justify;\"><img loading=\"lazy\" decoding=\"async\" class=\"aligncenter wp-image-353 size-full\" src=\"http:\/\/www.association-argonautes.fr\/wp-content\/uploads\/2014\/04\/anhima.jpg\" alt=\"jda2014_1\" width=\"382\" height=\"247\" \/><\/p>\n<p style=\"text-align: justify;\"><span style=\"color: #ffffff;\">.<\/span><\/p>\n<p style=\"text-align: justify;\">Anna\u00efg Caillaud (EHESS \u2013 Salerne)\u00a0: \u00ab\u00a0Reconna\u00eetre une d\u00e9esse ail\u00e9e\u00a0? R\u00e9flexions sur l&rsquo;identification dans la c\u00e9ramique attique\u00a0\u00bb<br \/>\nNicolas DAVIEAU (Paris 1)\u00a0: \u00ab\u00a0\u00c0 corps perdus\u2026 rien d\u2019impossible\u00a0? Montrer le corps des philosophes, d\u00e9montrer un statut\u00a0\u00bb<\/p>\n<p style=\"text-align: justify;\"><img loading=\"lazy\" decoding=\"async\" class=\"aligncenter wp-image-357 size-full\" src=\"http:\/\/www.association-argonautes.fr\/wp-content\/uploads\/2014\/04\/anhima1.jpg\" alt=\"jda2014_2\" width=\"407\" height=\"259\" \/><\/p>\n<p style=\"text-align: justify;\"><span style=\"color: #ffffff;\">.<\/span><\/p>\n<p style=\"text-align: justify;\">Alessandro BUCCHERI (Sienne \u2013 EHESS)\u00a0: \u00ab\u00a0<em>Deikn\u016bnai t\u0113n ph\u016bsin\u00a0<\/em>: un cas de validation de l\u2019identit\u00e9 filiale\u00a0\u00bb<br \/>\nVincent N&rsquo;GUYEN-VAN (Paris 1)\u00a0: \u00ab\u00a0D\u00e9montrer sa l\u00e9gitimit\u00e9\u00a0: la mise en place et la mise en sc\u00e8ne du lien dynastique sous les S\u00e9v\u00e8res\u00a0\u00bb<\/p>\n<p style=\"text-align: justify;\"><img loading=\"lazy\" decoding=\"async\" class=\"aligncenter wp-image-356 size-full\" src=\"http:\/\/www.association-argonautes.fr\/wp-content\/uploads\/2014\/04\/anhima2.jpg\" alt=\"jda2014_3\" width=\"420\" height=\"318\" \/><\/p>\n<p style=\"text-align: justify;\"><span style=\"color: #ffffff;\">.<\/span><\/p>\n<p style=\"text-align: justify;\">Ajda LATIFSES (EHESS \u2013 ENS-Ulm)\u00a0: \u00ab\u00a0Accr\u00e9diter la fausse nouvelle\u00a0: les annonces de morts fictives dans la trag\u00e9die attique\u00a0\u00bb<br \/>\nZa\u00efn CEIZAR (EPHE)\u00a0: \u00ab\u00a0De la pratique dialectique de la r\u00e9futation socratique \u00e0 un mod\u00e8le de la conscience morale chez Philon d\u2019Alexandrie\u00a0: subversion et re-composition de l\u2019<em>elenchos<\/em>\u00a0\u00bb<\/p>\n<p style=\"text-align: justify;\"><img loading=\"lazy\" decoding=\"async\" class=\"aligncenter wp-image-358 size-full\" src=\"http:\/\/www.association-argonautes.fr\/wp-content\/uploads\/2014\/04\/anhima3.jpg\" alt=\"jda2014_5\" width=\"321\" height=\"329\" \/><\/p>\n<p style=\"text-align: justify;\"><span style=\"color: #ffffff;\">.<\/span><\/p>\n<p style=\"text-align: justify;\">Vincent Mahieu (Louvain \u2013 EPHE)\u00a0: \u00ab\u00a0D\u00e9crire une ville pour affirmer une identit\u00e9. Discours \u201cpa\u00efens\u201d et chr\u00e9tiens autour de la physionomie de la Rome tardive\u00a0\u00bb<br \/>\nMarguerite CHAMPEAUX-ROUSSELOT (EPHE)\u00a0: \u00ab\u00a0Identifier, faire reconna\u00eetre\u00a0: le pi\u00e8ge du Pleistos \u00e0 Delphes\u00a0\u00bb<\/p>\n<p style=\"text-align: justify;\"><img loading=\"lazy\" decoding=\"async\" class=\"aligncenter wp-image-355 size-full\" src=\"http:\/\/www.association-argonautes.fr\/wp-content\/uploads\/2014\/04\/anhima4.jpg\" alt=\"jda2014_4\" width=\"380\" height=\"260\" \/><\/p>\n<p style=\"text-align: justify;\"><span style=\"color: #ffffff;\">.<\/span><\/p>\n<p style=\"text-align: justify;\">Christian JACOB (EHESS)\u00a0: conclusion de la journ\u00e9e<\/p>\n<p style=\"text-align: justify;\"><img loading=\"lazy\" decoding=\"async\" class=\"aligncenter wp-image-354 size-full\" src=\"http:\/\/www.association-argonautes.fr\/wp-content\/uploads\/2014\/04\/anhima5.jpg\" alt=\"jda2014_6\" width=\"386\" height=\"325\" \/><\/p>\n","protected":false},"excerpt":{"rendered":"<p>Vous \u00eates ici sur une page d&rsquo;archive. Le programme des prochaines journ\u00e9es est accessible ici. \u00ab\u00a0Montrer, d\u00e9montrer. La validation des actes, des savoirs et des statuts de l&rsquo;Antiquit\u00e9 \u00e0 sa r\u00e9ception\u00a0\u00bb La journ\u00e9e s\u2019est d\u00e9roul\u00e9e le samedi 5 avril en salle Vasari \u00e0 l\u2019INHA. Vous pouvez en d\u00e9couvrir un aper\u00e7u \u00e0 travers la galerie de [&hellip;]<\/p>\n","protected":false},"author":1,"featured_media":0,"parent":0,"menu_order":0,"comment_status":"closed","ping_status":"closed","template":"template-full-width.php","meta":{"footnotes":""},"_links":{"self":[{"href":"https:\/\/association-lesargonautes.fr\/index.php?rest_route=\/wp\/v2\/pages\/349"}],"collection":[{"href":"https:\/\/association-lesargonautes.fr\/index.php?rest_route=\/wp\/v2\/pages"}],"about":[{"href":"https:\/\/association-lesargonautes.fr\/index.php?rest_route=\/wp\/v2\/types\/page"}],"author":[{"embeddable":true,"href":"https:\/\/association-lesargonautes.fr\/index.php?rest_route=\/wp\/v2\/users\/1"}],"replies":[{"embeddable":true,"href":"https:\/\/association-lesargonautes.fr\/index.php?rest_route=%2Fwp%2Fv2%2Fcomments&post=349"}],"version-history":[{"count":1,"href":"https:\/\/association-lesargonautes.fr\/index.php?rest_route=\/wp\/v2\/pages\/349\/revisions"}],"predecessor-version":[{"id":548,"href":"https:\/\/association-lesargonautes.fr\/index.php?rest_route=\/wp\/v2\/pages\/349\/revisions\/548"}],"wp:attachment":[{"href":"https:\/\/association-lesargonautes.fr\/index.php?rest_route=%2Fwp%2Fv2%2Fmedia&parent=349"}],"curies":[{"name":"wp","href":"https:\/\/api.w.org\/{rel}","templated":true}]}}