{"id":246,"date":"2014-01-13T13:35:51","date_gmt":"2014-01-13T12:35:51","guid":{"rendered":"http:\/\/www.association-argonautes.fr\/\/?page_id=246"},"modified":"2022-10-21T14:40:24","modified_gmt":"2022-10-21T12:40:24","slug":"actualites-de-lassociation-et-du-site-internet","status":"publish","type":"page","link":"https:\/\/association-lesargonautes.fr\/?page_id=246","title":{"rendered":"Qui sommes-nous ?"},"content":{"rendered":"<h3><strong>Qui sommes-nous ?<\/strong><\/h3>\n<p>Fond\u00e9e en 2008, l&rsquo;association <em>Les Argonautes<\/em> rassemble des \u00e9tudiant\u00b7e\u00b7s en histoire ancienne, en Master et Doctorat, ainsi que les jeunes docteur\u00b7e\u00b7s.<\/p>\n<p>Les activit\u00e9s de l&rsquo;association se concentrent autour du <a href=\"https:\/\/association-lesargonautes.fr\/?page_id=2\">laboratoire ANHIMA<\/a> (UMR 8210) et de la Biblioth\u00e8que Gernet-Glotz, mais les Argonautes proviennent de structures parisiennes diff\u00e9rentes: principalement Paris 1 Panth\u00e9on-Sorbonne, Sorbonne Universit\u00e9 (ex Paris 4), EPHE-PSL, EHESS, Universit\u00e9 Paris Cit\u00e9 (ex Paris 7). Les Argonautes font donc partie du paysage du centre d&rsquo;AnHiMA depuis sa cr\u00e9ation.<\/p>\n<p><img loading=\"lazy\" decoding=\"async\" class=\"size-medium wp-image-629 aligncenter\" src=\"https:\/\/association-lesargonautes.fr\/wp-content\/uploads\/2017\/12\/25592839_10214884331762552_383003917_o-300x225.jpg\" alt=\"\" width=\"300\" height=\"225\" srcset=\"https:\/\/association-lesargonautes.fr\/wp-content\/uploads\/2017\/12\/25592839_10214884331762552_383003917_o-300x225.jpg 300w, https:\/\/association-lesargonautes.fr\/wp-content\/uploads\/2017\/12\/25592839_10214884331762552_383003917_o-768x576.jpg 768w, https:\/\/association-lesargonautes.fr\/wp-content\/uploads\/2017\/12\/25592839_10214884331762552_383003917_o-1024x768.jpg 1024w, https:\/\/association-lesargonautes.fr\/wp-content\/uploads\/2017\/12\/25592839_10214884331762552_383003917_o-620x465.jpg 620w\" sizes=\"(max-width: 300px) 100vw, 300px\" \/><\/p>\n<p style=\"text-align: center;\">En d\u00e9cembre 2017 apr\u00e8s le s\u00e9minaire des doctorant\u00b7e\u00b7s d&rsquo;Anhima<\/p>\n<h3>Pourquoi <em>Les Argonautes <\/em>?<\/h3>\n<p>Le but est de faire se c\u00f4toyer des \u00e9tudiant\u00b7e\u00b7s d&rsquo;horizons de recherche \u00e9loign\u00e9s, du droit \u00e0 l&rsquo;anthropologie, de l&rsquo;histoire politique \u00e0 la religion, dans des aires temporelles et spatiales tr\u00e8s diff\u00e9rentes, de la Gr\u00e8ce archa\u00efque \u00e0 la Rome de Diocl\u00e9tien&#8230; qui peuvent avoir tendance \u00e0 cloisonner les jeunes chercheurs et chercheuses. Les Argonautes sont r\u00e9unis autour de leur d\u00e9nominateur commun, l&rsquo;histoire ancienne, qui est le point de d\u00e9part d&rsquo;activit\u00e9s et de rencontres, formelles ou non, scientifiques, culturelles, ou simplement amicales.<\/p>\n<p>Cr\u00e9er du lien entre les jeunes chercheurs et chercheuses, faire en sorte que leur lieu de recherche soit aussi un lieu de partage intellectuel et relationnel agr\u00e9able, c&rsquo;est l&rsquo;ambition des Argonautes. C&rsquo;est aussi un moyen de rester en contact apr\u00e8s le doctorat. De nombreux Argonautes sont devenus Ma\u00eetres de Conf\u00e9rences et gardent un lien avec l&rsquo;association.<\/p>\n<h3><strong>Qu&rsquo;organisent les Argonautes ?<\/strong><\/h3>\n<p>Tout au long de l&rsquo;ann\u00e9e, les Argonautes organisent des activit\u00e9s r\u00e9guli\u00e8res comme le <a href=\"https:\/\/association-lesargonautes.fr\/?page_id=82\">s\u00e9minaire des doctorant\u00b7e\u00b7s,<\/a> et des \u00e9v\u00e9nements plus ponctuels comme des sorties au th\u00e9\u00e2tre et des voyages. Les Argonautes sont ainsi partis en Italie, en Sicile, en Cr\u00e8te, en Tunisie&#8230;<\/p>\n<p>Mais les Argonautes se r\u00e9unissent aussi plus largement de mani\u00e8re informelle, notamment autour de l<a href=\"https:\/\/association-lesargonautes.fr\/?p=581\">&lsquo;olivier Z\u00e9phyr<\/a>, mascotte de Gernet-Glotz.<\/p>\n","protected":false},"excerpt":{"rendered":"<p>Qui sommes-nous ? Fond\u00e9e en 2008, l&rsquo;association Les Argonautes rassemble des \u00e9tudiant\u00b7e\u00b7s en histoire ancienne, en Master et Doctorat, ainsi que les jeunes docteur\u00b7e\u00b7s. Les activit\u00e9s de l&rsquo;association se concentrent autour du laboratoire ANHIMA (UMR 8210) et de la Biblioth\u00e8que Gernet-Glotz, mais les Argonautes proviennent de structures parisiennes diff\u00e9rentes: principalement Paris 1 Panth\u00e9on-Sorbonne, Sorbonne Universit\u00e9 [&hellip;]<\/p>\n","protected":false},"author":1,"featured_media":0,"parent":0,"menu_order":0,"comment_status":"closed","ping_status":"closed","template":"","meta":{"footnotes":""},"_links":{"self":[{"href":"https:\/\/association-lesargonautes.fr\/index.php?rest_route=\/wp\/v2\/pages\/246"}],"collection":[{"href":"https:\/\/association-lesargonautes.fr\/index.php?rest_route=\/wp\/v2\/pages"}],"about":[{"href":"https:\/\/association-lesargonautes.fr\/index.php?rest_route=\/wp\/v2\/types\/page"}],"author":[{"embeddable":true,"href":"https:\/\/association-lesargonautes.fr\/index.php?rest_route=\/wp\/v2\/users\/1"}],"replies":[{"embeddable":true,"href":"https:\/\/association-lesargonautes.fr\/index.php?rest_route=%2Fwp%2Fv2%2Fcomments&post=246"}],"version-history":[{"count":14,"href":"https:\/\/association-lesargonautes.fr\/index.php?rest_route=\/wp\/v2\/pages\/246\/revisions"}],"predecessor-version":[{"id":756,"href":"https:\/\/association-lesargonautes.fr\/index.php?rest_route=\/wp\/v2\/pages\/246\/revisions\/756"}],"wp:attachment":[{"href":"https:\/\/association-lesargonautes.fr\/index.php?rest_route=%2Fwp%2Fv2%2Fmedia&parent=246"}],"curies":[{"name":"wp","href":"https:\/\/api.w.org\/{rel}","templated":true}]}}