{"id":242,"date":"2013-12-05T23:01:26","date_gmt":"2013-12-05T22:01:26","guid":{"rendered":"http:\/\/www.association-argonautes.fr\/\/?page_id=36"},"modified":"2023-01-20T18:43:33","modified_gmt":"2023-01-20T17:43:33","slug":"journees-doctorales-anhima","status":"publish","type":"page","link":"https:\/\/association-lesargonautes.fr\/?page_id=242","title":{"rendered":"Journ\u00e9es doctorales d&rsquo;ANHIMA"},"content":{"rendered":"<p><span style=\"text-decoration: underline;\"><em>Prochaine \u00e9dition<br \/>\n<\/em><\/span><\/p>\n<div class=\"m_-4805956098819549640gmail-x_gmail_msg\"><strong>La journ\u00e9e doctorale ANHIMA 2023 \u00ab\u00a0Se (d\u00e9s)int\u00e9grer. Int\u00e9gration et exclusion dans l\u2019Antiquit\u00e9\u00a0\u00bb, organis\u00e9e par Maxence Badaire (Paris 1) et Mathilde Naar (EPHE), aura lieu le\u00a0<\/strong><strong>samedi 15 avril \u00e0 l&rsquo;INHA.<\/strong><\/div>\n<div><\/div>\n<div><\/div>\n<p><span style=\"text-decoration: underline;\"><em>Editions pr\u00e9c\u00e9dentes<\/em><\/span><\/p>\n<p><em>Journ\u00e9e doctorale 2018, le 14 avril 2018.<\/em><\/p>\n<p>Cette journ\u00e9e \u00e0 \u00e9t\u00e9 organis\u00e9e par H\u00e9l\u00e8ne Castelli (Paris 1) et Eleonora Colangelo (Paris 7) sur le th\u00e8me \u00ab\u00a0<strong>Corps et\u00a0pouvoir dans les mondes anciens<\/strong>\u00ab\u00a0. Vous pouvez retrouver les diff\u00e9rentes communications <a href=\"https:\/\/journals.openedition.org\/mondesanciens\/4010\" target=\"_blank\" rel=\"noopener\">en ligne<\/a>.<\/p>\n<p><em>Journ\u00e9e doctorale 2017, le 20 mai 2017.<\/em><\/p>\n<p>Cette journ\u00e9e a \u00e9t\u00e9 organis\u00e9e par Manon Brouillet (EHESS) et Alessandro Buccheri (EHESS) sur le th\u00e8me: <strong>\u00ab\u00a0En action. Agents, intentionnalit\u00e9s et modes d\u2019agir dans l\u2019Antiquit\u00e9<\/strong>\u00ab\u00a0. Plus de d\u00e9tails <a href=\"http:\/\/www.anhima.fr\/spip.php?article1788&amp;lang=fr\">sur cette page<\/a>.<\/p>\n<p><em>Journ\u00e9e doctorale 2016, le 21 mai 2016.<\/em><\/p>\n<p>Cette journ\u00e9e a \u00e9t\u00e9 organis\u00e9e par Alexis M\u00e9zr\u00e1ros (Paris 1) et Marie-Laure Sronek (Paris 1) sur le th\u00e8me: <strong>\u00ab\u00a0<em>Gagner sa vie<\/em> dans les mondes anciens\u00a0\u00bb<\/strong>. Plus de d\u00e9tails <a href=\"https:\/\/www.facebook.com\/166794946753556\/photos\/a.706550726111306.1073741826.166794946753556\/779328992166812\/?type=3&amp;theater\">sur cette page<\/a>.<\/p>\n<p><em>Journ\u00e9e doctorale 2015,<\/em> <em>le 28 mars 2015<\/em>.<\/p>\n<p>Cette journ\u00e9e a \u00e9t\u00e9 organis\u00e9e par Romain Guicharrousse (Paris 1 \/ Ecole Fran\u00e7aise d&rsquo;Ath\u00e8nes) et Matthieu Vallet (Paris 1) sur le th\u00e8me :<strong> \u00ab\u00a0Proclamer ses identit\u00e9s dans l&rsquo;Antiquit\u00e9. Normes de construction, moyens mat\u00e9riels et enjeux sociaux\u00a0\u00bb<\/strong><\/p>\n<p>Vous trouverez l&rsquo;appel \u00e0 communication <a href=\"http:\/\/www.association-argonautes.fr\/wp-content\/uploads\/2013\/12\/Appel_Communication_JD_Anhima_2015_Proclamer_ses_identit\u00e9s.pdf\">ici<\/a>. Plus de d\u00e9tails \u00e9galement <a title=\"Journ\u00e9e doctorale d\u2019ANHIMA 2014-2015\" href=\"http:\/\/www.association-argonautes.fr\/journee-doctorale-danhima-2014-2015\/\">sur cette page<\/a>.<\/p>\n<p><em>Journ\u00e9e doctorale 2014,<\/em> <em>le 5 avril 2014<\/em>.<\/p>\n<p>Cette journ\u00e9e \u00e9tait organis\u00e9e par Nicolas Siron (Paris 1) et Elise Lehoux (EHESS) sur le th\u00e8me :<strong> \u00ab\u00a0Montrer et d\u00e9montrer. La validation des actes, des savoirs et des statuts de l\u2019Antiquit\u00e9 \u00e0 sa r\u00e9ception\u00a0\u00bb<\/strong><\/p>\n<p>Vous trouverez <a title=\"Journ\u00e9e 2014 : Montrer, d\u00e9montrer\" href=\"http:\/\/www.association-argonautes.fr\/journee-doctorale-anhima-2014\/\">ici<\/a> un r\u00e9sum\u00e9 <span style=\"text-decoration: underline;\">en photo et en vid\u00e9o<\/span> de la journ\u00e9e.<\/p>\n<p><em>Journ\u00e9e doctorale 2013, le samedi 16 mars 2013.<\/em><\/p>\n<p>Cette journ\u00e9e doctorale a \u00e9t\u00e9 organis\u00e9e par Zheira Kasdi (Paris 1), M\u00e9lanie Lemal (Paris 7) et Anne-Lise Pestel (Paris 1) sur le th\u00e8me : \u00ab\u00a0<strong>F\u00eates et c\u00e9l\u00e9brations dans l&rsquo;Antiquit\u00e9<\/strong>\u00ab\u00a0.<\/p>\n<p><em>Journ\u00e9e doctorale 2012, le samedi 11 f\u00e9vrier 2012<\/em><\/p>\n<p>Cette journ\u00e9e doctorale a \u00e9t\u00e9 organis\u00e9e par Ga\u00eblle Deschodt (Paris Est-Marne La Vall\u00e9e\/Paris 1), M\u00e9lanie Lemal (Paris 7) et Anne-Lise Pestel (Paris 1) sur le th\u00e8me : <strong>\u00ab\u00a0L&rsquo;Etranger, les \u00e9trangers dans l&rsquo;Antiquit\u00e9\u00a0\u00bb<\/strong>.<\/p>\n<p>Les actes des \u00e9ditions 2008 \u00e0 2011 ont \u00e9t\u00e9 publi\u00e9s dans la revue <em>Cahiers \u00ab\u00a0Mondes Anciens\u00a0\u00bb<\/em> et sont consultables en ligne \u00e0 cette <a href=\"http:\/\/mondesanciens.revues.org\/\">adresse<\/a>.<\/p>\n<div id=\"spoiler362\" style=\"display: none;\">\n<p><a>[ Cacher ]<\/a><\/p>\n<p>Texte \u00e0 cacher<\/p>\n<\/div>\n","protected":false},"excerpt":{"rendered":"<p>Prochaine \u00e9dition La journ\u00e9e doctorale ANHIMA 2023 \u00ab\u00a0Se (d\u00e9s)int\u00e9grer. Int\u00e9gration et exclusion dans l\u2019Antiquit\u00e9\u00a0\u00bb, organis\u00e9e par Maxence Badaire (Paris 1) et Mathilde Naar (EPHE), aura lieu le\u00a0samedi 15 avril \u00e0 l&rsquo;INHA. Editions pr\u00e9c\u00e9dentes Journ\u00e9e doctorale 2018, le 14 avril 2018. Cette journ\u00e9e \u00e0 \u00e9t\u00e9 organis\u00e9e par H\u00e9l\u00e8ne Castelli (Paris 1) et Eleonora Colangelo (Paris 7) [&hellip;]<\/p>\n","protected":false},"author":1,"featured_media":0,"parent":0,"menu_order":0,"comment_status":"closed","ping_status":"closed","template":"template-full-width.php","meta":{"footnotes":""},"_links":{"self":[{"href":"https:\/\/association-lesargonautes.fr\/index.php?rest_route=\/wp\/v2\/pages\/242"}],"collection":[{"href":"https:\/\/association-lesargonautes.fr\/index.php?rest_route=\/wp\/v2\/pages"}],"about":[{"href":"https:\/\/association-lesargonautes.fr\/index.php?rest_route=\/wp\/v2\/types\/page"}],"author":[{"embeddable":true,"href":"https:\/\/association-lesargonautes.fr\/index.php?rest_route=\/wp\/v2\/users\/1"}],"replies":[{"embeddable":true,"href":"https:\/\/association-lesargonautes.fr\/index.php?rest_route=%2Fwp%2Fv2%2Fcomments&post=242"}],"version-history":[{"count":4,"href":"https:\/\/association-lesargonautes.fr\/index.php?rest_route=\/wp\/v2\/pages\/242\/revisions"}],"predecessor-version":[{"id":832,"href":"https:\/\/association-lesargonautes.fr\/index.php?rest_route=\/wp\/v2\/pages\/242\/revisions\/832"}],"wp:attachment":[{"href":"https:\/\/association-lesargonautes.fr\/index.php?rest_route=%2Fwp%2Fv2%2Fmedia&parent=242"}],"curies":[{"name":"wp","href":"https:\/\/api.w.org\/{rel}","templated":true}]}}