{"id":203,"date":"2013-12-30T19:11:32","date_gmt":"2013-12-30T18:11:32","guid":{"rendered":"http:\/\/www.association-argonautes.fr\/\/?page_id=203"},"modified":"2022-10-29T17:27:30","modified_gmt":"2022-10-29T15:27:30","slug":"representants-des-doctorants-anhima","status":"publish","type":"page","link":"https:\/\/association-lesargonautes.fr\/?page_id=203","title":{"rendered":"Les repr\u00e9sentant\u00b7e\u00b7s des doctorant\u00b7e\u00b7s \u00e0 ANHIMA"},"content":{"rendered":"<ul>\n<li>Repr\u00e9sentant\u00b7e\u00b7s des doctorant\u00b7e\u00b7s au sein d\u2019ANHIMA : <b>Ga\u00eblle HERBETH<\/b>\u00a0et <strong>Marine MAZZEI\u00a0<\/strong><\/li>\n<li>Vous pouvez les contacter \u00e0 cette adresse :\u00a0<strong><span class=\"qu\" tabindex=\"-1\" role=\"gridcell\" translate=\"no\"><span class=\"go\">rep.doc.anhima(at)gmail.com<\/span><\/span><\/strong><\/li>\n<\/ul>\n<p>La charge de repr\u00e9sentant\u00b7e des doctorant\u00b7e\u00b7s consiste en premier lieu, et de fa\u00e7on assez logique, \u00e0 \u00eatre le <strong>relais des doctorant\u00b7e\u00b7s au conseil de laboratoire.<\/strong> Cela signifie avant tout l\u2019<strong>assistance \u00e0 toutes les d\u00e9marches qu\u2019entreprennent les doctorant\u00b7e\u00b7s au sein de l\u2019unit\u00e9<\/strong>. La plus \u00e9vidente et la plus r\u00e9currente correspond aux demandes de missions, qui sont examin\u00e9es au premier conseil de l\u2019ann\u00e9e, puis \u00e0 chaque conseil pour celles qui sont organis\u00e9es plus tardivement. N\u00e9anmoins, d\u2019autres actions mises en place par les doctorant\u00b7e\u00b7s peuvent \u00eatre discut\u00e9es : l\u2019organisation de colloques ou la participation \u00e0 des activit\u00e9s particuli\u00e8res.<\/p>\n<p>Ainsi, nous sommes \u00e0 la disposition de chacun d\u2019entre vous pour aider \u00e0 la r\u00e9alisation de vos projets. N\u2019h\u00e9sitez pas \u00e0 nous solliciter quand vous demandez pour la premi\u00e8re fois une demande de mission et ne savez pas comment remplir certains champs. De m\u00eame, nous pouvons vous guider pour la mise en \u0153uvre d\u2019une op\u00e9ration scientifique particuli\u00e8re.<\/p>\n<p>Mais les demandes ponctuelles n\u2019\u00e9puisent pas l\u2019activit\u00e9 des repr\u00e9sentant\u00b7e\u00b7s au conseil de laboratoire. \u00c0 chaque conseil, des sujets divers sont discut\u00e9s, qui mettent directement ou indirectement en jeu des doctorant\u00b7e\u00b7s. Ces points peuvent \u00eatre \u00e9voqu\u00e9s par les membres du conseil, et notre r\u00f4le consiste alors \u00e0 les faire aller dans le sens le plus favorable aux doctorant\u00b7e\u00b7s. Nous pouvons \u00e9galement faire nous-m\u00eames des propositions. Par exemple, le bureau des doctorant\u00b7e\u00b7s, le carnet d\u2019accueil ou l\u2019acc\u00e8s \u00e0 la cantine pour les doctorant\u00b7e\u00b7s contractuel\u00b7le\u00b7s poss\u00e9dant un badge sont des d\u00e9cisions qui ont \u00e9t\u00e9 \u00e9labor\u00e9es au conseil. <strong>La fonction de repr\u00e9sentant\u00b7e ne se limite ainsi pas \u00e0 la repr\u00e9sentation. Vous pouvez aussi, \u00e9videmment, nous faire part d\u2019une initiative qui am\u00e9liorerait la vie des doctorant\u00b7e\u00b7s<\/strong>, afin que nous la d\u00e9veloppions aupr\u00e8s du conseil ou que nous vous soutenions quand vous le ferez.<\/p>\n","protected":false},"excerpt":{"rendered":"<p>Repr\u00e9sentant\u00b7e\u00b7s des doctorant\u00b7e\u00b7s au sein d\u2019ANHIMA : Ga\u00eblle HERBETH\u00a0et Marine MAZZEI\u00a0 Vous pouvez les contacter \u00e0 cette adresse :\u00a0rep.doc.anhima(at)gmail.com La charge de repr\u00e9sentant\u00b7e des doctorant\u00b7e\u00b7s consiste en premier lieu, et de fa\u00e7on assez logique, \u00e0 \u00eatre le relais des doctorant\u00b7e\u00b7s au conseil de laboratoire. Cela signifie avant tout l\u2019assistance \u00e0 toutes les d\u00e9marches qu\u2019entreprennent les [&hellip;]<\/p>\n","protected":false},"author":1,"featured_media":0,"parent":0,"menu_order":0,"comment_status":"closed","ping_status":"closed","template":"template-full-width.php","meta":{"footnotes":""},"_links":{"self":[{"href":"https:\/\/association-lesargonautes.fr\/index.php?rest_route=\/wp\/v2\/pages\/203"}],"collection":[{"href":"https:\/\/association-lesargonautes.fr\/index.php?rest_route=\/wp\/v2\/pages"}],"about":[{"href":"https:\/\/association-lesargonautes.fr\/index.php?rest_route=\/wp\/v2\/types\/page"}],"author":[{"embeddable":true,"href":"https:\/\/association-lesargonautes.fr\/index.php?rest_route=\/wp\/v2\/users\/1"}],"replies":[{"embeddable":true,"href":"https:\/\/association-lesargonautes.fr\/index.php?rest_route=%2Fwp%2Fv2%2Fcomments&post=203"}],"version-history":[{"count":6,"href":"https:\/\/association-lesargonautes.fr\/index.php?rest_route=\/wp\/v2\/pages\/203\/revisions"}],"predecessor-version":[{"id":803,"href":"https:\/\/association-lesargonautes.fr\/index.php?rest_route=\/wp\/v2\/pages\/203\/revisions\/803"}],"wp:attachment":[{"href":"https:\/\/association-lesargonautes.fr\/index.php?rest_route=%2Fwp%2Fv2%2Fmedia&parent=203"}],"curies":[{"name":"wp","href":"https:\/\/api.w.org\/{rel}","templated":true}]}}