{"id":196,"date":"2013-12-30T18:33:44","date_gmt":"2013-12-30T17:33:44","guid":{"rendered":"http:\/\/www.association-argonautes.fr\/\/?page_id=196"},"modified":"2022-10-27T15:31:48","modified_gmt":"2022-10-27T13:31:48","slug":"preparer-sa-these-histoire","status":"publish","type":"page","link":"https:\/\/association-lesargonautes.fr\/?page_id=196","title":{"rendered":"Pr\u00e9parer sa th\u00e8se"},"content":{"rendered":"<p>Nous vous proposons ici quelques conseils et liens pour bien pr\u00e9parer votre projet de th\u00e8se puis pour bien commencer votre th\u00e8se.<\/p>\n<ul>\n<li><strong>R\u00e9diger son projet de th\u00e8se<\/strong> : parmi les nouveaux projets de l&rsquo;association, nous souhaitons notamment organiser des journ\u00e9es et\/ou demi-journ\u00e9es pour accueillir les personnes qui souhaiteraient faire une th\u00e8se \u00e0 ANHIMA, pour leur donner des conseils sur la r\u00e9daction du projet de th\u00e8se et leur pr\u00e9senter l&rsquo;UMR. <em>Plus de d\u00e9tails \u00e0 venir<\/em>.<\/li>\n<\/ul>\n<ul>\n<li>Une fois votre projet de th\u00e8se termin\u00e9, vous pouvez <strong>postuler \u00e0 des contrats doctoraux<\/strong> dont nous vous proposons <a href=\"https:\/\/association-lesargonautes.fr\/?page_id=179\" target=\"_blank\" rel=\"noopener\">une longue s\u00e9lection<\/a>.<\/li>\n<\/ul>\n<ul>\n<li>Une fois le projet de th\u00e8se accept\u00e9 par votre directeur, il faudra vous inscrire. <strong>L&rsquo;inscription en th\u00e8se<\/strong> peut \u00eatre longue, et a lieu en g\u00e9n\u00e9ral entre septembre et novembre selon les Universit\u00e9s ou les \u00c9coles. Cette lenteur, par rapport aux ann\u00e9es de Licence et de Master, s&rsquo;explique par le fait que votre inscription doit \u00eatre valid\u00e9e par le Conseil de votre \u00c9cole Doctorale.<\/li>\n<\/ul>\n<ul>\n<li><strong>Bien commencer votre th\u00e8se<\/strong> : sur <a href=\"https:\/\/act.hypotheses.org\/37\" target=\"_blank\" rel=\"noopener\">cette page<\/a>, vous trouverez de nombreux conseils pour commencer votre th\u00e8se. En effet, les premiers mois sont tr\u00e8s importants. Le site traite notamment des formations doctorales. Nous vous rappelons que vous trouverez sur <a title=\"Formations doctorales\" href=\"https:\/\/association-lesargonautes.fr\/?page_id=183\" target=\"_blank\" rel=\"noopener\">notre page<\/a> la liste des formations doctorales qui peuvent vous \u00eatre utiles.<\/li>\n<\/ul>\n","protected":false},"excerpt":{"rendered":"<p>Nous vous proposons ici quelques conseils et liens pour bien pr\u00e9parer votre projet de th\u00e8se puis pour bien commencer votre th\u00e8se. R\u00e9diger son projet de th\u00e8se : parmi les nouveaux projets de l&rsquo;association, nous souhaitons notamment organiser des journ\u00e9es et\/ou demi-journ\u00e9es pour accueillir les personnes qui souhaiteraient faire une th\u00e8se \u00e0 ANHIMA, pour leur donner [&hellip;]<\/p>\n","protected":false},"author":1,"featured_media":0,"parent":0,"menu_order":0,"comment_status":"closed","ping_status":"closed","template":"template-full-width.php","meta":{"footnotes":""},"_links":{"self":[{"href":"https:\/\/association-lesargonautes.fr\/index.php?rest_route=\/wp\/v2\/pages\/196"}],"collection":[{"href":"https:\/\/association-lesargonautes.fr\/index.php?rest_route=\/wp\/v2\/pages"}],"about":[{"href":"https:\/\/association-lesargonautes.fr\/index.php?rest_route=\/wp\/v2\/types\/page"}],"author":[{"embeddable":true,"href":"https:\/\/association-lesargonautes.fr\/index.php?rest_route=\/wp\/v2\/users\/1"}],"replies":[{"embeddable":true,"href":"https:\/\/association-lesargonautes.fr\/index.php?rest_route=%2Fwp%2Fv2%2Fcomments&post=196"}],"version-history":[{"count":2,"href":"https:\/\/association-lesargonautes.fr\/index.php?rest_route=\/wp\/v2\/pages\/196\/revisions"}],"predecessor-version":[{"id":799,"href":"https:\/\/association-lesargonautes.fr\/index.php?rest_route=\/wp\/v2\/pages\/196\/revisions\/799"}],"wp:attachment":[{"href":"https:\/\/association-lesargonautes.fr\/index.php?rest_route=%2Fwp%2Fv2%2Fmedia&parent=196"}],"curies":[{"name":"wp","href":"https:\/\/api.w.org\/{rel}","templated":true}]}}