{"id":192,"date":"2013-12-30T18:22:20","date_gmt":"2013-12-30T17:22:20","guid":{"rendered":"http:\/\/www.association-argonautes.fr\/\/?page_id=192"},"modified":"2022-10-25T14:35:38","modified_gmt":"2022-10-25T12:35:38","slug":"les-sorties-des-argonautes","status":"publish","type":"page","link":"https:\/\/association-lesargonautes.fr\/?page_id=192","title":{"rendered":"Les sorties des Argonautes"},"content":{"rendered":"<p style=\"text-align: justify;\">R\u00e9guli\u00e8rement, l&rsquo;association organise des sorties (visites guid\u00e9es de mus\u00e9es, de sites,&#8230;) pour ses adh\u00e9rent\u00b7e\u00b7s dans le but de multiplier et faciliter les \u00e9changes fructueux et les rencontres entre membres de l&rsquo;association et avec des jeunes chercheurs et chercheuses ou avec des scientifiques plus exp\u00e9riment\u00e9\u00b7e\u00b7s.<\/p>\n<p style=\"text-align: justify;\">Vous trouverez sur cette page les comptes-rendus et les photos des derni\u00e8res sorties organis\u00e9es par les Argonautes.<\/p>\n<ul>\n<li><strong>Visite-conf\u00e9rence de l\u2019exposition \u00ab\u00a0Mo\u00efse, figures d\u2019un proph\u00e8te\u00a0\u00bb au Mus\u00e9e d\u2019Art et d\u2019Histoire du Juda\u00efsme, le 3 f\u00e9vrier 2016<\/strong><\/li>\n<\/ul>\n<p>Nouvelle exposition pour les Argonautes, cette fois-ci la promesse du Mus\u00e9e d\u2019Art et d\u2019Histoire du Juda\u00efsme \u00e9tait de nous faire d\u00e9couvrir la culture juive au travers des repr\u00e9sentations de son proph\u00e8te, Mo\u00efse. La visite \u00e9tait organis\u00e9e autour de la succession par ordre chronologique des repr\u00e9sentations du proph\u00e8te. Un itin\u00e9raire qui nous permis de remarquer qu\u2019\u00e0 chaque \u00e9poque son image de Mo\u00efse. Qu\u2019il soit cornu ou juste illumin\u00e9, ce proph\u00e8te \u00e9tait toujours repr\u00e9sent\u00e9 selon\u00a0des codes propres \u00e0 une soci\u00e9t\u00e9 ou \u00e0 un temps particulier.<\/p>\n<ul>\n<li><strong>Sortie au Th\u00e9\u00e2tre de la Ville pour assister \u00e0 la repr\u00e9sentation d\u2019Antigone d\u2019Ivo Van Hove, avec Juliette Binoche dans le r\u00f4le-titre, le 10 mai 2015<\/strong><\/li>\n<\/ul>\n<p>Cette rencontre des Argonautes fut l\u2019occasion de nous replonger dans un des classiques du th\u00e9\u00e2tre antique : l\u2019Antigone de Sophocle, emmen\u00e9 par une\u00a0coproduction anglo-franco-hollando-germano-luxembourgeoise accueillie par le Th\u00e9\u00e2tre de la Ville et mis en sc\u00e8ne par le belge Ivo van Hove. La vision r\u00e9solument moderne de ce metteur en sc\u00e8ne contrasta avec la sensibilit\u00e9 que su d\u00e9gager Juliette Binoche, jouant le r\u00f4le de la fille de Cr\u00e9on, nous transmettant tout l\u2019intensit\u00e9 des vers de Sophocle.<\/p>\n<ul>\n<li><strong>Visite-conf\u00e9rence de l\u2019exposition \u00ab\u00a0Splendeurs des Han\u00a0\u00bb au mus\u00e9e Guimet, par M. Eric Lefebvre, conservateur, le 28 f\u00e9vrier 2015<\/strong><\/li>\n<\/ul>\n<p>Gr\u00e2ce au pr\u00eat exceptionnel d\u2019oeuvres\u00a0majeures provenant des mus\u00e9es de nombreuses provinces chinoises et \u00e0 la pr\u00e9sentation de d\u00e9couvertes arch\u00e9ologiques\u00a0in\u00e9dites, le Mus\u00e9e National des Arts asiatiques nous a pr\u00e9sent\u00e9\u00a0un brillant panorama de la cr\u00e9ation sous les Han, depuis la peinture jusqu\u2019aux bronzes, aux c\u00e9ramiques et aux objets de laque, parcourant l\u2019ensemble de la cr\u00e9ation artistique, de la d\u00e9licatesse de l\u2019objet jusqu\u2019aux sculptures monumentales. Une magnifique visite \u00e9clair\u00e9e par les pr\u00e9cises explications de M. Eric Lefebvre.<\/p>\n<ul>\n<li><strong>Visite-conf\u00e9rence de l\u2019exposition \u00ab\u00a0La Gr\u00e8ce des origines\u00a0\u00bb au mus\u00e9e d\u2019arch\u00e9ologie nationale de Saint-Germain en Laye, le 10 janvier 2015<\/strong><\/li>\n<\/ul>\n<p>Cette visite fut l\u2019occasion de nous plonger dans l\u2019imaginaire hom\u00e9rique gr\u00e2ce \u00e0 une tr\u00e8s belle collection d\u2019objets minoens et myc\u00e9niens rapport\u00e9s en France\u00a0par les antiquaires du XIX\u00e8me si\u00e8cle. Sur un plan plus concret, la collection du mus\u00e9e national d\u2019arch\u00e9ologie nous a permis d\u2019entrevoir\u00a0l\u2019existence d\u2019une Gr\u00e8ce pr\u00e9historique qui s\u2019\u00e9loigne des mythes modernes. La mus\u00e9ographie \u00e9tait, elle, tout \u00e0 fait moderne et ludique gr\u00e2ce \u00e0 des dispositifs multim\u00e9dia jouant sur tous les sens de nos Argonautes.<\/p>\n<ul>\n<li><strong>Visite de l&rsquo;exposition \u00ab\u00a0La Mac\u00e9doine Antique. Au royaume d&rsquo;Alexandre le Grand\u00a0\u00bb (Mus\u00e9e du Louvre), janvier 2012<\/strong><\/li>\n<\/ul>\n<p style=\"text-align: justify;\">Conservatrice en chef du d\u00e9partement des antiquit\u00e9s grecques et romaines du Louvre et commissaire de l&rsquo;exposition, Mme Descamps nous a fait l&rsquo;honneur de bien vouloir recevoir une vingtaine de membres de l&rsquo;association le 14 janvier 2012 pour une visite guid\u00e9e de l&rsquo;exposition sur la Mac\u00e9doine. A travers les oeuvres pr\u00e9sent\u00e9es, nous avons ainsi pu en apprendre beaucoup sur les pi\u00e8ces pr\u00e9sent\u00e9es, mais \u00e9galement sur la mani\u00e8re dont s&rsquo;organise une si importante exposition (id\u00e9e de d\u00e9part, difficult\u00e9s \u00e0 r\u00e9unir et \u00e0 choisir les oeuvres, volont\u00e9 sc\u00e9nographique,&#8230;).<\/p>\n<p style=\"text-align: justify;\">\n","protected":false},"excerpt":{"rendered":"<p>R\u00e9guli\u00e8rement, l&rsquo;association organise des sorties (visites guid\u00e9es de mus\u00e9es, de sites,&#8230;) pour ses adh\u00e9rent\u00b7e\u00b7s dans le but de multiplier et faciliter les \u00e9changes fructueux et les rencontres entre membres de l&rsquo;association et avec des jeunes chercheurs et chercheuses ou avec des scientifiques plus exp\u00e9riment\u00e9\u00b7e\u00b7s. Vous trouverez sur cette page les comptes-rendus et les photos des [&hellip;]<\/p>\n","protected":false},"author":1,"featured_media":0,"parent":0,"menu_order":0,"comment_status":"closed","ping_status":"closed","template":"template-full-width.php","meta":{"footnotes":""},"_links":{"self":[{"href":"https:\/\/association-lesargonautes.fr\/index.php?rest_route=\/wp\/v2\/pages\/192"}],"collection":[{"href":"https:\/\/association-lesargonautes.fr\/index.php?rest_route=\/wp\/v2\/pages"}],"about":[{"href":"https:\/\/association-lesargonautes.fr\/index.php?rest_route=\/wp\/v2\/types\/page"}],"author":[{"embeddable":true,"href":"https:\/\/association-lesargonautes.fr\/index.php?rest_route=\/wp\/v2\/users\/1"}],"replies":[{"embeddable":true,"href":"https:\/\/association-lesargonautes.fr\/index.php?rest_route=%2Fwp%2Fv2%2Fcomments&post=192"}],"version-history":[{"count":4,"href":"https:\/\/association-lesargonautes.fr\/index.php?rest_route=\/wp\/v2\/pages\/192\/revisions"}],"predecessor-version":[{"id":770,"href":"https:\/\/association-lesargonautes.fr\/index.php?rest_route=\/wp\/v2\/pages\/192\/revisions\/770"}],"wp:attachment":[{"href":"https:\/\/association-lesargonautes.fr\/index.php?rest_route=%2Fwp%2Fv2%2Fmedia&parent=192"}],"curies":[{"name":"wp","href":"https:\/\/api.w.org\/{rel}","templated":true}]}}