{"id":183,"date":"2013-12-30T14:57:58","date_gmt":"2013-12-30T13:57:58","guid":{"rendered":"http:\/\/www.association-argonautes.fr\/\/?page_id=183"},"modified":"2013-12-30T14:57:58","modified_gmt":"2013-12-30T13:57:58","slug":"formations-doctorales","status":"publish","type":"page","link":"https:\/\/association-lesargonautes.fr\/?page_id=183","title":{"rendered":"Formations doctorales"},"content":{"rendered":"<p style=\"text-align: justify;\">Chaque ann\u00e9e, des formations doctorales sont ouvertes dans des domaines vari\u00e9s. En sus de ce que peut vous proposer votre Ecole Doctorale, vous pourrez trouver ces quelques formations ci-dessous. Elles sont souvent \u00e9galement ouvertes aux Master 2.<\/p>\n<ul style=\"text-align: justify;\">\n<li style=\"text-align: justify;\">L&rsquo;<strong>Ecole fran\u00e7aise d&rsquo;Ath\u00e8nes<\/strong> propose chaque ann\u00e9e trois \u00e0 quatre <strong>s\u00e9minaires de formation doctorale<\/strong> consacr\u00e9s aux \u00e9poques classiques comme contemporaines. Ces s\u00e9minaires associent d&rsquo;un point de vue th\u00e9matique l&rsquo;\u00e9tude d&rsquo;un site arch\u00e9ologique ou d&rsquo;une r\u00e9gion et l&rsquo;approche d&rsquo;une discipline. Ils correspondent \u00e0 un volume th\u00e9orique de 50 h d&rsquo;enseignement (\u00e9quivalent TD), r\u00e9parties sur environ 12 jours, comprenant des visites de sites et de mus\u00e9es, des cours th\u00e9oriques et des exercices pratiques. Le programme annuel et tous les renseignements utiles sont consultables sur le <a href=\"http:\/\/www.efa.gr\/Formation\/Sem_doct\/form_sem_doct_gen.htm\" target=\"_blank\">site de l&rsquo;EfA<\/a>.<\/li>\n<\/ul>\n<ul style=\"text-align: justify;\">\n<li>L&rsquo;<strong>Ecole fran\u00e7aise de Rome<\/strong> propose chaque ann\u00e9e des <strong>s\u00e9minaires de formation doctorale<\/strong> consacr\u00e9s aux \u00e9poques classiques comme contemporaines. Le programme annuel et tous les renseignements utiles sont consultables sur le <a href=\"http:\/\/www.ecole-francaise.it\/fr\/recherche\/form-doct.html\" target=\"_blank\">site de l&rsquo;EfR<\/a>.<\/li>\n<\/ul>\n<ul style=\"text-align: justify;\">\n<li>Chaque ann\u00e9e, l&rsquo;<strong>Universit\u00e9 de Poitiers<\/strong> propose une <strong>Summer School consacr\u00e9e \u00e0 l&rsquo;\u00e9pigraphie antique et m\u00e9di\u00e9vale<\/strong> au mois d&rsquo;ao\u00fbt. Celle-ci est organis\u00e9e par les laboratoires HeRMA et CESCM, dans le cadre d&rsquo;un programme intensif Erasmus. <a href=\"http:\/\/sha.univ-poitiers.fr\/essep\/\" target=\"_blank\">En savoir plus<\/a>.<\/li>\n<\/ul>\n<ul style=\"text-align: justify;\">\n<li>Dans le cadre de l&rsquo;Ecole Doctorale de Paris 1 (ED 113), le P\u00f4le Informatique de Recherche et d&rsquo;Enseignement en Histoire, le Laboratoire de M\u00e9di\u00e9vistique Occidentale de Paris (<strong>PIREH<\/strong>) organise chaque ann\u00e9e une <strong>formation intensive en textom\u00e9trie et en cartographie<\/strong>. La formation n&rsquo;est pas r\u00e9serv\u00e9e aux personnes inscrites \u00e0 Paris 1. <a href=\"http:\/\/www.univ-paris1.fr\/axe-de-recherche\/pireh\/doctorat\/\" target=\"_blank\">En savoir plus<\/a>.<\/li>\n<\/ul>\n<ul style=\"text-align: justify;\">\n<li>Chaque ann\u00e9e, l&rsquo;Ecole Doctorale d&rsquo;histoire de Paris 1 (ED 113) et le laboratoire <strong>ANHIMA<\/strong> organise une formation en langues anciennes, la <em><strong>Semaine de langues anciennes <\/strong><\/em>: L\u2019Antiquit\u00e9 en V.O. Cette formation intensive en latin, en grec et dans toutes les disciplines techniques ((philologie antique et m\u00e9di\u00e9vale, \u00e9pigraphie, papyrologie, numismatique et arch\u00e9ologie) permet de d\u00e9couvrir ou de se perfectionner. Formation ouverte aux Master 2 et aux doctorants, d\u00e9butants comme confirm\u00e9s. Pour toute information, <a href=\"mailto:bureau.argonautes@gmail.com?subject=Message%de%20renseignements%20pour%20la%20semaine%20en%20VO\">nous \u00e9crire<\/a>.<\/li>\n<\/ul>\n<ul>\n<li style=\"text-align: justify;\">Le <strong>CIERA<\/strong> (Centre Interdisciplinaire d&rsquo;Etudes et de Recherches sur l&rsquo;Allemagne) organise chaque ann\u00e9e plusieurs formations doctorales. Chaque programme s\u2019articule autour d\u2019une <strong>s\u00e9rie de rencontres accompagnant les diff\u00e9rentes \u00e9tapes du travail de recherche<\/strong>. Le CIERA vise \u00e0 offrir une structure adapt\u00e9e aux besoins des doctorants en termes d\u2019information, de formation, de soutien m\u00e9thodologique et de visibilit\u00e9. Il s&rsquo;adresse avant tout aux \u00e9tudiants de Master 2 et de Doctorat menant des \u00e9tudes interdisciplinaires sur l\u2019Allemagne et des \u00e9tudes interdisciplinaires franco-allemandes, mais il est tout \u00e0 fait possible d&rsquo;assister sans travailler sur l&rsquo;Allemagne. <a href=\"http:\/\/www.ciera.fr\/ciera\/ped\" target=\"_blank\">En savoir plus<\/a>.<\/li>\n<\/ul>\n","protected":false},"excerpt":{"rendered":"<p>Chaque ann\u00e9e, des formations doctorales sont ouvertes dans des domaines vari\u00e9s. En sus de ce que peut vous proposer votre Ecole Doctorale, vous pourrez trouver ces quelques formations ci-dessous. Elles sont souvent \u00e9galement ouvertes aux Master 2. L&rsquo;Ecole fran\u00e7aise d&rsquo;Ath\u00e8nes propose chaque ann\u00e9e trois \u00e0 quatre s\u00e9minaires de formation doctorale consacr\u00e9s aux \u00e9poques classiques comme [&hellip;]<\/p>\n","protected":false},"author":1,"featured_media":0,"parent":0,"menu_order":0,"comment_status":"closed","ping_status":"closed","template":"template-full-width.php","meta":{"footnotes":""},"_links":{"self":[{"href":"https:\/\/association-lesargonautes.fr\/index.php?rest_route=\/wp\/v2\/pages\/183"}],"collection":[{"href":"https:\/\/association-lesargonautes.fr\/index.php?rest_route=\/wp\/v2\/pages"}],"about":[{"href":"https:\/\/association-lesargonautes.fr\/index.php?rest_route=\/wp\/v2\/types\/page"}],"author":[{"embeddable":true,"href":"https:\/\/association-lesargonautes.fr\/index.php?rest_route=\/wp\/v2\/users\/1"}],"replies":[{"embeddable":true,"href":"https:\/\/association-lesargonautes.fr\/index.php?rest_route=%2Fwp%2Fv2%2Fcomments&post=183"}],"version-history":[{"count":0,"href":"https:\/\/association-lesargonautes.fr\/index.php?rest_route=\/wp\/v2\/pages\/183\/revisions"}],"wp:attachment":[{"href":"https:\/\/association-lesargonautes.fr\/index.php?rest_route=%2Fwp%2Fv2%2Fmedia&parent=183"}],"curies":[{"name":"wp","href":"https:\/\/api.w.org\/{rel}","templated":true}]}}