{"id":179,"date":"2017-11-28T14:30:52","date_gmt":"2017-11-28T13:30:52","guid":{"rendered":"http:\/\/www.association-argonautes.fr\/\/?page_id=179"},"modified":"2017-11-28T18:27:15","modified_gmt":"2017-11-28T17:27:15","slug":"financer-sa-these-en-histoire","status":"publish","type":"page","link":"https:\/\/association-lesargonautes.fr\/?page_id=179","title":{"rendered":"Financer sa th\u00e8se"},"content":{"rendered":"<p style=\"text-align: justify;\">Vous trouverez sur cette page les financements possibles pour votre th\u00e8se. Sont list\u00e9s :<em><br \/>\n<\/em><\/p>\n<ol style=\"text-align: justify;\">\n<li><a href=\"#ancre1\"><em>les <\/em><strong>contrats doctoraux et post doctoraux<\/strong><\/a><\/li>\n<li><a href=\"#ancre2\"><em>les <\/em><strong>bourses courtes dur\u00e9es<\/strong><\/a><\/li>\n<li><a href=\"#ancre3\"><em>les <\/em><strong>aides \u00e0 la mobilit\u00e9<\/strong><\/a><\/li>\n<li><a href=\"#ancre4\"><em>les <\/em><strong>aides \u00e0 la cotutelle<\/strong><em>.<\/em><\/a><\/li>\n<\/ol>\n<p style=\"text-align: justify;\"><a name=\"ancre1\"><\/a><\/p>\n<pre><span style=\"text-decoration: underline;\"><strong><em>1. Contrats doctoraux \/ post-doctoraux<\/em><\/strong><\/span><\/pre>\n<ul style=\"text-align: justify;\">\n<li style=\"text-align: justify;\">Mise au concours de bourses de recherche (3 contrats doctoraux et 6 post-doctoraux), ann\u00e9e universitaire 2014-2015 par le <strong>LabEx HASTEC <\/strong>(Laboratoire Europ\u00e9en d&rsquo;Histoire et d&rsquo;Anthropologie des savoirs, techniques et croyance). Tous les renseignements <a href=\"http:\/\/www.hesam.eu\/blog\/2014\/02\/17\/labex-hastec-3-contrats-doctoraux-et-6-contrats-post-doc-pourvoir\/\" target=\"_blank\" rel=\"noopener\">ici<\/a>.<\/li>\n<\/ul>\n<ul style=\"text-align: justify;\">\n<li style=\"text-align: justify;\">L&rsquo;<strong>European University Institute \u00e0 Florence (Italie)<\/strong> propose des contrats doctoraux de 4 ans pour l&rsquo;ann\u00e9e universitaire 2014\/2015 dans les domaines suivants : Histoire et Civilisation, Sciences Economiques, Sciences Juridiques et Sciences politiques et sociales. Tous les renseignements <a href=\"WWW.EUI.EU\/PHD\" target=\"_blank\" rel=\"noopener\">ici<\/a>. Date limite de soumission des dossiers : 31 janvier 2014.<\/li>\n<\/ul>\n<ul style=\"text-align: justify;\">\n<li style=\"text-align: justify;\"><strong>Prix Marc de Montalembert<\/strong> 2014 :<br \/>\nLa Fondation Marc de Montalembert et l&rsquo;Institut national de l&rsquo;histoire de l&rsquo;art (INHA) se sont associ\u00e9t\u00e9s pour l&rsquo;attribution du Prix Marc de Montalembert d&rsquo;un montant de 8 000 euros. Ce prix est destin\u00e9 \u00e0 soutenir l&rsquo;ach\u00e8vement d&rsquo;un travail de recherche contribuant \u00e0 une meilleur connaissance des arts et de la culture en M\u00e9diterran\u00e9e. La fondation Marc de Montalembert offre en outre au laur\u00e9at la possibilit\u00e9 de s\u00e9journer dans les locaux de son si\u00e8ge \u00e0 Rhodes, en Gr\u00e8ce.<br \/>\nLes dossiers de candidature doivent \u00eatre envoy\u00e9s au plus tard le 1 novembre 2013. Pour en savoir plus, voir le site de <a href=\"http:\/\/www.inha.fr\/spip.php?article4438\" target=\"_blank\" rel=\"noopener\">l&rsquo;INHA<\/a>.<\/li>\n<\/ul>\n<ul style=\"text-align: justify;\">\n<li style=\"text-align: justify;\"><b>Appel \u00e0 chercheurs et bourses<\/b> <strong>BNF<\/strong><br \/>\nLe programme de l&rsquo;appel \u00e0 chercheurs a \u00e9t\u00e9 lanc\u00e9 par la Biblioth\u00e8que nationale de France en 2003 ; il lui permet d&rsquo;accueillir, chaque ann\u00e9e universitaire et de mani\u00e8re individuelle au sein des d\u00e9partements, entre 8 et 10 nouveaux chercheurs associ\u00e9s.<br \/>\nEn 2004, la Biblioth\u00e8que nationale de France a d\u00e9cid\u00e9 d&rsquo;accorder un soutien financier \u00e0 deux chercheurs invit\u00e9s pendant un an. Depuis 2006, des bourses de recherche sont offertes chaque ann\u00e9e par des m\u00e9c\u00e8nes, sur des th\u00e8mes sp\u00e9cifiques. Tous les renseignements pour les appels \u00e0 chercheurs de la BNF <a href=\"http:\/\/www.bnf.fr\/fr\/la_bnf\/appel_chercheurs_bourses\/s.appel_a_chercheurs.html?first_Art=oui\" target=\"_blank\" rel=\"noopener\">ici. <\/a><\/li>\n<\/ul>\n<ul style=\"text-align: justify;\">\n<li style=\"text-align: justify;\">L&rsquo;<strong>Institut \u00c9milie du Ch\u00e2telet <\/strong>lance trois appels \u00e0 candidatures pour l\u2019attribution d\u2019allocations doctorales et post-doctorales. Ces allocations sont destin\u00e9es \u00e0 soutenir des recherches men\u00e9es sur les femmes, le sexe ou le genre dans un \u00e9tablissement de recherche et d\u2019enseignement sup\u00e9rieur de la R\u00e9gion \u00cele-de-France. Elles concernent toutes les disciplines.<br \/>\n&#8211; Allocations doctorales : elles prennent la forme d\u2019un contrat \u00e0 dur\u00e9e d\u00e9termin\u00e9e d\u2019une p\u00e9riode de 36 mois pour les \u00e9tudiant-es qui s\u2019inscriront en 1\u00e8re ann\u00e9e de th\u00e8se et 24 pour ceux ou celles qui s\u2019inscriront en 2\u00e8me ann\u00e9e. Le salaire mensuel net minimum est de 1450 \u20ac.<br \/>\n&#8211; Allocations post-doctorales : elles prennent la forme d\u2019un contrat \u00e0 dur\u00e9e d\u00e9termin\u00e9e, d\u2019une dur\u00e9e de 12 \u00e0 18 mois, pour un salaire mensuel net minimum de 2100 \u20ac.<br \/>\n&#8211; Une allocation post-doctorale cibl\u00e9e sur les politiques publiques en \u00cele-de-France. Cette allocation post-doctorale prend, comme les autres, la forme d&rsquo;un contrat \u00e0 dur\u00e9e d\u00e9termin\u00e9e, d&rsquo;une dur\u00e9e de 12 \u00e0 18 mois, pour un salaire mensuel net minimum de 2100 \u20ac.Vous trouverez toutes les informations et documents n\u00e9cessaires pour r\u00e9pondre \u00e0 ces appels sur le site de l&rsquo;<a href=\"http:\/\/www.institutemilieduchatelet.org\/\" target=\"_blank\" rel=\"noopener\">IEC<\/a>.<\/li>\n<\/ul>\n<ul style=\"text-align: justify;\">\n<li style=\"text-align: justify;\">Le <strong>Mus\u00e9e du quai Branly<\/strong> propose chaque ann\u00e9e des bourses doctorales et postdoctorales destin\u00e9es \u00e0 aider des doctorants et de jeunes docteurs \u00e0 mener \u00e0 bien des projets de recherche originaux et innovants. Les disciplines concern\u00e9es sont : l&rsquo;anthropologie, l&rsquo;ethnomusicologie, l&rsquo;histoire de l&rsquo;art, l&rsquo;histoire, l&rsquo;arch\u00e9ologie (\u00e0 partir du n\u00e9olithique), la sociologie, les arts du spectacle. Les domaines de recherche privil\u00e9gi\u00e9s sont : les arts occidentaux et extra-occidentaux, les patrimoines mat\u00e9riels et immat\u00e9riels, les institutions mus\u00e9ales et leurs collections, les rituels religieux, la technologie et la culture mat\u00e9rielle. Les projets particuli\u00e8rement susceptibles de tirer parti de l&rsquo;environnement du mus\u00e9e du quai Branly seront examin\u00e9s avec la plus grande attention. Les candidats s\u00e9lectionn\u00e9s devront fournir au d\u00e9partement de la recherche et de l&rsquo;enseignement du mus\u00e9e du quai Branly un rapport d&rsquo;activit\u00e9 d\u00e9taill\u00e9 de leurs recherches au terme de la bourse. Les nombreuses bourses disponibles et toutes les informations et d\u00e9lais sur ce <a href=\"http:\/\/www.quaibranly.fr\/fr\/enseignement\/bourses.html\" target=\"_blank\" rel=\"noopener\">site<\/a>.<\/li>\n<\/ul>\n<ul style=\"text-align: justify;\">\n<li style=\"text-align: justify;\"><strong>L&rsquo;Institut des hautes \u00e9tudes de d\u00e9fense nationale<\/strong> vous fait part de deux programmes destin\u00e9s \u00e0 soutenir les travaux de recherche d\u2019\u00e9tudiants fran\u00e7ais et \u00e9trangers,<br \/>\n&#8211; inscrits dans une universit\u00e9 fran\u00e7aise<br \/>\n&#8211; en Master 2 recherche ou en Doctorat<br \/>\n&#8211; en sciences humaines et sociales (droit, science politique, \u00e9conomie, gestion, histoire, g\u00e9ographie, d\u00e9mographie, sociologie, psychologie, sciences de l\u2019information et de la communication)<br \/>\n&#8211; dont le sujet de recherche porte sur des questions de d\u00e9fense, de relations internationales, d\u2019armement et d\u2019\u00e9conomie de d\u00e9fense. Toutes les informations sur leur <a href=\"http:\/\/www.ihedn.fr\" target=\"_blank\" rel=\"noopener\">site<\/a>.<\/li>\n<\/ul>\n<ul style=\"text-align: justify;\">\n<li>Dans le cadre du Coll\u00e8ge des \u00e9coles doctorales, le <strong>PRES h\u00e9Sam<\/strong> ouvre un appel \u00e0 candidature pour le <strong>financement d&rsquo;une quatri\u00e8me ann\u00e9e de th\u00e8se<\/strong>, destin\u00e9 \u00e0 douze \u00e9tudiants inscrits dans un \u00e9tablissement membre du PRES et titulaires d&rsquo;un contrat doctoral. Les <strong>bourses Alexander von Humboldt<\/strong> sont destin\u00e9es \u00e0 favoriser la r\u00e9ussite des doctorants ayant choisi des sujets de th\u00e8ses particuli\u00e8rement ambitieux, en leur permettant de r\u00e9aliser et conclure leur th\u00e8se dans les meilleurs d\u00e9lais. Elles doivent donc permettre pour les b\u00e9n\u00e9ficiaires un raccourcissement de la dur\u00e9e de leur th\u00e8se. L&rsquo;attribution doit se justifier par des exigences particuli\u00e8res li\u00e9es \u00e0 la nature du doctorat : terrains de recherche \u00e9loign\u00e9s, perfectionnement dans une langue ancienne ou vivante sp\u00e9cifique, th\u00e8se avec une r\u00e9elle dimension pluridisciplinaire requ\u00e9rant l&rsquo;acquisition de domaines de comp\u00e9tences nouveaux \u2026 Les \u00e9tudiants s\u00e9lectionn\u00e9s b\u00e9n\u00e9ficient d&rsquo;un contrat de travail d&rsquo;un an d&rsquo;un montant identique \u00e0 celui accord\u00e9 pour un contrat doctoral et financ\u00e9 par le programme \u00ab Paris Nouveaux Mondes \u00bb. Le financement est vers\u00e9 \u00e0 l&rsquo;\u00e9tablissement dans lequel l&rsquo;\u00e9tudiant est inscrit en th\u00e8se et habilit\u00e9 \u00e0 g\u00e9rer son contrat. Informations sur ce <a href=\"http:\/\/www.hesam.eu\/blog\/2014\/02\/11\/contrats-alexander-von-humboldt-2014-appel-candidatures\/\" target=\"_blank\" rel=\"noopener\">site<\/a>.<\/li>\n<\/ul>\n<ul style=\"text-align: justify;\">\n<li>Le <strong>R\u00e9gion Ile-de-France<\/strong> offre cette ann\u00e9e plusieurs allocations doctorales, cat\u00e9gorie Innovations &#8211; Sciences &#8211; Techniques &#8211; Soci\u00e9t\u00e9. Voir <a href=\"http:\/\/www.iledefrance.fr\/appel-projets-allocations-doctorales\" target=\"_blank\" rel=\"noopener\">ici<\/a>.<\/li>\n<\/ul>\n<ul style=\"text-align: justify;\">\n<li>La <strong>R\u00e9gion Ile-de-France<\/strong> publie l&rsquo;appel \u00e0 projets pour l&rsquo;attribution d&rsquo;allocations doctorales, hors Domaines d&rsquo;int\u00e9r\u00eat majeur. Les projets portant sur les th\u00e9matiques suivantes : &#8211; \u00ab Handicap \u00bb &#8211; \u00ab Sciences du langage, langues et litt\u00e9ratures \u00bb. Renseignements <a href=\"http:\/\/www.iledefrance.fr\/appel-projets-allocations-doctorales\" target=\"_blank\" rel=\"noopener\">ici<\/a>.<\/li>\n<\/ul>\n<p style=\"text-align: justify;\"><a name=\"ancre2\"><\/a><\/p>\n<pre><span style=\"text-decoration: underline;\"><strong><em>2. Bourses courtes dur\u00e9es<\/em><\/strong><\/span><\/pre>\n<ul style=\"text-align: justify;\">\n<li><strong>L&rsquo;Institut fran\u00e7ais d&rsquo;\u00e9tudes anatoliennes (IFEA) <\/strong>\u00e0 Istanbul offre en 2013 des bourses courte dur\u00e9e \u00e0 des doctorants fran\u00e7ais ou \u00e9trangers. L&rsquo;institut Fran\u00e7ais d&rsquo;\u00c9tudes Anatoliennes &#8211; Georges Dum\u00e9zil (USR 3131 \u2013 CNRS-MAEE) offre tous les ans des bourses \u00e0 des \u00ab\u00a0jeunes chercheurs\u00a0\u00bb (doctorants) fran\u00e7ais ou \u00e9trangers inscrits dans un \u00e9tablissement fran\u00e7ais.<br \/>\nLes candidats doivent poursuivre des recherches n\u00e9cessitant un s\u00e9jour \u00e0 Istanbul ou en Turquie et se rapportant \u00e0 l&rsquo;un des domaines suivants : pr\u00e9histoire et protohistoire anatoliennes ; histoire et arch\u00e9ologie du monde antique ; byzantinologie ; \u00e9tudes turques et ottomanes ; domaine caucasien ; soci\u00e9t\u00e9s et cultures balkaniques dans leurs rapports avec le monde turco-ottoman ; ph\u00e9nom\u00e8nes urbains dans l&rsquo;espace turc et ottoman. La bourse consiste en un aller-retour France-Turquie et 1 mois d&rsquo;h\u00e9bergement \u00e0 l&rsquo;institut.<br \/>\nVeuillez noter que l&rsquo;accueil n&rsquo;est pas possible durant le mois d&rsquo;ao\u00fbt. Le dossier de candidature est \u00e0 renvoyer par <a href=\"mailto:%20ifea.istanbul@gmail.com\" target=\"_blank\" rel=\"noopener\">email. <\/a><br \/>\nIl contiendra la fiche de renseignements d\u00fbment compl\u00e9t\u00e9e t\u00e9l\u00e9chargeable sur leur site, un curriculum vitae et une lettre de candidature d\u00e9crivant votre recherche et en quoi un s\u00e9jour \u00e0 l&rsquo;institut y contribuera. L&rsquo;attribution des bourses se fait au fil de l&rsquo;eau, mais il faut faire la demande le plus vite possible.<\/li>\n<\/ul>\n<ul style=\"text-align: justify;\">\n<li style=\"text-align: justify;\"><strong>L&rsquo;Ecole des Hautes Etudes en Sciences Sociales<\/strong> a conclu en 1994 avec le <strong>D\u00e9partement des Sciences Sociales de l&rsquo;Universit\u00e9 de Chicago<\/strong> un accord pr\u00e9voyant un \u00e9change d&rsquo;\u00e9tudiant(e)s entre les deux institutions. Un(e) seul(e) \u00e9tudiant(e) par an peut b\u00e9n\u00e9ficier de cet \u00e9change. Le s\u00e9jour dure six mois et d\u00e9bute de pr\u00e9f\u00e9rence \u00e0 partir de janvier 2012.<br \/>\nUne bourse de 1 200 dollars est allou\u00e9e mensuellement \u00e0 l&rsquo;\u00e9tudiant par l&rsquo;Universit\u00e9 de Chicago. Elle ne comprend pas les frais d&rsquo;h\u00e9bergement au sein du campus universitaire qui s&rsquo;\u00e9l\u00e8vent environ \u00e0 500 dollars pour une personne et \u00e0 700 pour un couple. Le billet d&rsquo;avion est pay\u00e9 par l&rsquo;EHESS.<br \/>\n<em>Seuls les \u00e9tudiant(e)s inscrits en th\u00e8se \u00e0 l&rsquo;Ecole peuvent d\u00e9poser leur dossier de candidature<\/em> en 15 exemplaires, aupr\u00e8s du service de l&rsquo;information et de la mobilit\u00e9 internationale des \u00e9tudiants, V\u00e9ronique Conuau (bureau 715) ou caroline Jousset (bureau 716), 190 Avenue de France 75013 Paris &#8211; jusqu&rsquo;au mercredi 2 mai 2013, dernier d\u00e9lai.<br \/>\nPi\u00e8ces constitutives du dossier (en fran\u00e7ais)<br \/>\n&#8211; Une lettre de motivation ;<br \/>\n&#8211; Un curriculum vitae ;<br \/>\n&#8211; Un projet de th\u00e8se (entre 5 et 10 pages)<br \/>\n&#8211; Une lettre de recommandation du directeur de th\u00e8se.<br \/>\nLes \u00e9tudiant(e)s ayant d\u00e9pos\u00e9 un dossier de candidature seront soumis \u00e0 un examen d&rsquo;anglais destin\u00e9 \u00e0 v\u00e9rifier leur capacit\u00e9 \u00e0 suivre des cours de haut niveau en sciences sociales et \u00e0 r\u00e9aliser des travaux \u00e9crits et oraux dans cette langue. Les modalit\u00e9s concernant le d\u00e9roulement de cet examen seront pr\u00e9cis\u00e9es ult\u00e9rieurement.<\/li>\n<\/ul>\n<ul style=\"text-align: justify;\">\n<li style=\"text-align: justify;\">Le <strong>Bureau r\u00e9gional pour l&rsquo;Europe Centrale et Orientale de l&rsquo;Agence Universitaire de la Francophonie (BECO-AUF)<\/strong> propose le programme de bourses \u00ab\u00a0Eugen Ionescu\u00a0\u00bb, financ\u00e9 par le Gouvernement roumain, et qui a \u00e9t\u00e9 lanc\u00e9 le 28 juin 2011. Le but de ce programme est de permettre aux chercheurs et aux doctorants des pays membres et observateurs de l&rsquo;OIF et de l&rsquo;Alg\u00e9rie, issus des \u00e9tablissements d&rsquo;enseignement sup\u00e9rieur membres de l&rsquo;AUF, de b\u00e9n\u00e9ficier d&rsquo;une formation de minimum 3 mois (max. 6 mois) dans les institutions d&rsquo;enseignement sup\u00e9rieur roumaines, reconnues pour leur excellence dans les domaines d&rsquo;enseignement et de recherche les plus divers.<\/li>\n<\/ul>\n<ul style=\"text-align: justify;\">\n<li style=\"text-align: justify;\">L&rsquo;<strong>Universit\u00e9 \u00ab\u00a0Alexandru Ioan Cuza\u00a0\u00bb de Iasi<\/strong> serait heureuse de recevoir les dossiers des candidats provenant de votre \u00e9tablissement et de les accueillir en son sein pour effectuer des stages de recherche doctorale ou de post-doctorat. Pour avoir des informations compl\u00e9mentaires sur ce programme, veuillez consulter les documents ci-joints et le <a href=\"http:\/\/www.auf.org\/regions\/europe-centrale-orientale\/appels-d-offres\/bourses-de-recherche-doctorale-et-de-post-doctorat-eugen-ionescu-appel-international-a-candidatures-6081.html\" target=\"_blank\" rel=\"noopener\">site du BECO-AUF.<\/a> Les personnes int\u00e9ress\u00e9es \u00e0 effectuer de tels stages \u00e0 l&rsquo;Universit\u00e9 \u00ab\u00a0Alexandru Ioan Cuza\u00a0\u00bb de Iasi seront pri\u00e9es de se faire pr\u00e9-inscrire en envoyant leurs dossiers \u00e0 cette <a href=\"mailto:ionelac@uaic.ro\" target=\"_blank\" rel=\"noopener\">adresse \u00e9lectronique<\/a>. Apr\u00e8s \u00e9valuation de leurs dossiers par les responsables de nos facult\u00e9s respectives, une attestation d&rsquo;accueil leur sera d\u00e9livr\u00e9e qui leur permettra de d\u00e9poser leurs dossiers de candidature aupr\u00e8s du BECO-AUF.<\/li>\n<\/ul>\n<p style=\"text-align: justify;\"><a name=\"ancre3\"><\/a><\/p>\n<pre><span style=\"text-decoration: underline;\"><strong><em>3. Bourses d'aide \u00e0 la mobilit\u00e9<\/em><\/strong><\/span><\/pre>\n<ul style=\"text-align: justify;\">\n<li><b>Bourse de mobilit\u00e9 de la r\u00e9gion d&rsquo;Ile-de-France<\/b>, chaque semestre pour un s\u00e9jour \u00e0 l&rsquo;\u00e9tranger. Cette bourse , destin\u00e9e \u00e0 des \u00e9tudiants de L3 et Master partant en stage ou s\u00e9jour d&rsquo;\u00e9tudes \u00e0 l&rsquo;\u00e9tranger, est \u00e9galement accessible aux doctorants sous <a href=\"http:\/\/www.univ-paris1.fr\/international\/etudiants\/aides\/aides-a-la-mobilite-pour-les-etudiants-partants\/les-bourses-du-conseil-regional-dile-de-france\/\" target=\"_blank\" rel=\"noopener\">certaines conditions<\/a>. Ce n&rsquo;est pas une bourse destin\u00e9e \u00e0 financer une ann\u00e9e d&rsquo;\u00e9tudes.<br \/>\nLes candidatures pour les doctorants seront re\u00e7ues au bureau des bourses du Service des Relations internationales de chaque universit\u00e9 ou Ecole.<\/li>\n<\/ul>\n<ul style=\"text-align: justify;\">\n<li><strong>Mobilit\u00e9 vers l&rsquo;\u00e9tranger (une ann\u00e9e)<\/strong> : L&rsquo;Acad\u00e9mie fran\u00e7aise attribue les bourses Jean Walter-Zellidja pour l&rsquo;ann\u00e9e 2014. Elles sont accord\u00e9es aux \u00e9tudiants francophones, inscrits en Doctorat, qui souhaitent approfondir leur formation ou entreprendre des recherches personnelles \u00e0 l \u00e9tranger, dans le pays de leur choix, sans obligation de rattachement universitaire, gr\u00e2ce \u00e0 un s\u00e9jour d environ une ann\u00e9e. Date limite de candidature : 15 f\u00e9vrier 2014. <a href=\"http:\/\/www.menestrel.fr\/IMG\/pdf\/SKMBT_28314010813490-2.pdf\" target=\"_blank\" rel=\"noopener\">En savoir plus<\/a>.<\/li>\n<\/ul>\n<ul style=\"text-align: justify;\">\n<li><strong>Mobilit\u00e9 vers l&rsquo;Allemagne (1 \u00e0 10 mois)<\/strong> : L&rsquo;Office Allemand d\u2019\u00c9changes Universitaires (DAAD) propose aux doctorants et post-doctorants souhaitant effectuer un s\u00e9jour de recherche en Allemagne dans un \u00e9tablissement d\u2019enseignement sup\u00e9rieur ou un institut de recherche extra-universitaire public ou reconnu par l\u2019\u00c9tat allemand, des bourses de courte (1 \u00e0 6 mois) ou de longue dur\u00e9e (7 \u00e0 10 mois) ainsi que des missions de recherche (1 \u00e0 3 mois) pour des enseignants-chercheurs. Date limite de candidature : 31 janvier 2014. <a href=\"http:\/\/paris.daad.de\/bourses_et_subventions.html\" target=\"_blank\" rel=\"noopener\">En savoir plus<\/a>.<\/li>\n<\/ul>\n<ul style=\"text-align: justify;\">\n<li><strong>Mobilit\u00e9 vers Oxford<\/strong> : La Chancellerie des Universit\u00e9s de Paris accorde chaque ann\u00e9e des bourses pour une mobilit\u00e9 vers l&rsquo;Universit\u00e9 de Waseda au Japon, pour une ann\u00e9e compl\u00e8te. <a href=\"http:\/\/www.sorbonne.fr\/la-chancellerie-des-universites-de-paris\/v2la-chancellerie-des-universites-de-paris-recompense-lexcellence-universitaire-et-propose-des-prix\/les-bourses-detudes\/\" target=\"_blank\" rel=\"noopener\">En savoir plus<\/a>.<\/li>\n<\/ul>\n<ul style=\"text-align: justify;\">\n<li><strong>Mobilit\u00e9 vers Waseda (Japon)<\/strong> : La Chancellerie des Universit\u00e9s de Paris accorde chaque ann\u00e9e des bourses pour une mobilit\u00e9 vers l&rsquo;Universit\u00e9 de Waseda au Japon, pour une ann\u00e9e compl\u00e8te. <a href=\"http:\/\/www.sorbonne.fr\/la-chancellerie-des-universites-de-paris\/v2la-chancellerie-des-universites-de-paris-recompense-lexcellence-universitaire-et-propose-des-prix\/les-bourses-detudes\/\" target=\"_blank\" rel=\"noopener\">En savoir plus<\/a>.<\/li>\n<\/ul>\n<ul style=\"text-align: justify;\">\n<li><strong>Mobilit\u00e9 vers les Pays-Bas<\/strong> : Les \u00ab Bourses Eole \u00bb du R\u00e9seau franco-n\u00e9erlandais, bourses d\u2019excellence (500 ou 1000 euros) qui permettent de renforcer la mobilit\u00e9 vers les Pays-Bas d\u2019\u00e9tudiants en Master, Doctorat et Post-doc. Plus d&rsquo;informations : <a href=\"http:\/\/www.frnl.eu\" target=\"_blank\" rel=\"noopener\">www.frnl.eu<\/a>.<\/li>\n<\/ul>\n<p style=\"text-align: justify;\"><a name=\"ancre4\"><\/a><\/p>\n<pre><span style=\"text-decoration: underline;\"><strong><em>4. Bourses d'aide \u00e0 la cotutelle<\/em><\/strong><\/span><\/pre>\n<ul style=\"text-align: justify;\">\n<li>L&rsquo;appel \u00e0 candidatures du programme Frontenac est maintenant lanc\u00e9. Ce programme offre une dizaine de bourses chaque ann\u00e9e \u00e0 des \u00e9tudiants fran\u00e7ais en cotutelle de th\u00e8se. Pour plus d&rsquo;informations, voir le site <a href=\"http:\/\/www.consulfrance-quebec.org\/spip.php?article14865\" target=\"_blank\" rel=\"noopener\">Internet<\/a>.<\/li>\n<\/ul>\n","protected":false},"excerpt":{"rendered":"<p>Vous trouverez sur cette page les financements possibles pour votre th\u00e8se. Sont list\u00e9s : les contrats doctoraux et post doctoraux les bourses courtes dur\u00e9es les aides \u00e0 la mobilit\u00e9 les aides \u00e0 la cotutelle. 1. Contrats doctoraux \/ post-doctoraux Mise au concours de bourses de recherche (3 contrats doctoraux et 6 post-doctoraux), ann\u00e9e universitaire 2014-2015 [&hellip;]<\/p>\n","protected":false},"author":1,"featured_media":0,"parent":246,"menu_order":0,"comment_status":"closed","ping_status":"closed","template":"","meta":{"footnotes":""},"_links":{"self":[{"href":"https:\/\/association-lesargonautes.fr\/index.php?rest_route=\/wp\/v2\/pages\/179"}],"collection":[{"href":"https:\/\/association-lesargonautes.fr\/index.php?rest_route=\/wp\/v2\/pages"}],"about":[{"href":"https:\/\/association-lesargonautes.fr\/index.php?rest_route=\/wp\/v2\/types\/page"}],"author":[{"embeddable":true,"href":"https:\/\/association-lesargonautes.fr\/index.php?rest_route=\/wp\/v2\/users\/1"}],"replies":[{"embeddable":true,"href":"https:\/\/association-lesargonautes.fr\/index.php?rest_route=%2Fwp%2Fv2%2Fcomments&post=179"}],"version-history":[{"count":1,"href":"https:\/\/association-lesargonautes.fr\/index.php?rest_route=\/wp\/v2\/pages\/179\/revisions"}],"predecessor-version":[{"id":433,"href":"https:\/\/association-lesargonautes.fr\/index.php?rest_route=\/wp\/v2\/pages\/179\/revisions\/433"}],"up":[{"embeddable":true,"href":"https:\/\/association-lesargonautes.fr\/index.php?rest_route=\/wp\/v2\/pages\/246"}],"wp:attachment":[{"href":"https:\/\/association-lesargonautes.fr\/index.php?rest_route=%2Fwp%2Fv2%2Fmedia&parent=179"}],"curies":[{"name":"wp","href":"https:\/\/api.w.org\/{rel}","templated":true}]}}