{"id":146,"date":"2013-12-27T23:42:19","date_gmt":"2013-12-27T22:42:19","guid":{"rendered":"http:\/\/www.association-argonautes.fr\/\/?page_id=146"},"modified":"2022-10-25T14:39:03","modified_gmt":"2022-10-25T12:39:03","slug":"voyage-2011","status":"publish","type":"page","link":"https:\/\/association-lesargonautes.fr\/?page_id=146","title":{"rendered":"Voyage 2011 : Al\u00e9sia"},"content":{"rendered":"<h2 style=\"text-align: center;\"><span style=\"text-decoration: underline; color: #ff0000;\"><strong>Week-end \u00e0 Al\u00e9sia<\/strong><\/span><\/h2>\n<p>Les 25-26 juin 2011, l&rsquo;association a organis\u00e9 un week-end en Bourgogne.<\/p>\n<p><strong>Samedi 25 juin<\/strong><\/p>\n<p>Visite des fouilles d&rsquo;<span style=\"text-decoration: underline;\"><strong>Al\u00e9sia<\/strong><\/span> en compagnie d&rsquo;Olivier de Cazanove, directeur des fouilles.<\/p>\n<p>Visite du site public d&rsquo;Al\u00e9sia<\/p>\n<p><strong>Dimanche 26 juin<\/strong><\/p>\n<p>&#8211; le matin, visite du <span style=\"text-decoration: underline;\"><strong>mus\u00e9e arch\u00e9ologique de Dijon<\/strong><\/span> par le conservateur Christian Vernou<\/p>\n<p>&#8211; l&rsquo;apr\u00e8s-midi, visite du mus\u00e9e du Pays Ch\u00e2tillonnais.<\/p>\n","protected":false},"excerpt":{"rendered":"<p>Week-end \u00e0 Al\u00e9sia Les 25-26 juin 2011, l&rsquo;association a organis\u00e9 un week-end en Bourgogne. Samedi 25 juin Visite des fouilles d&rsquo;Al\u00e9sia en compagnie d&rsquo;Olivier de Cazanove, directeur des fouilles. Visite du site public d&rsquo;Al\u00e9sia Dimanche 26 juin &#8211; le matin, visite du mus\u00e9e arch\u00e9ologique de Dijon par le conservateur Christian Vernou &#8211; l&rsquo;apr\u00e8s-midi, visite du [&hellip;]<\/p>\n","protected":false},"author":1,"featured_media":0,"parent":0,"menu_order":0,"comment_status":"closed","ping_status":"closed","template":"template-full-width.php","meta":{"footnotes":""},"_links":{"self":[{"href":"https:\/\/association-lesargonautes.fr\/index.php?rest_route=\/wp\/v2\/pages\/146"}],"collection":[{"href":"https:\/\/association-lesargonautes.fr\/index.php?rest_route=\/wp\/v2\/pages"}],"about":[{"href":"https:\/\/association-lesargonautes.fr\/index.php?rest_route=\/wp\/v2\/types\/page"}],"author":[{"embeddable":true,"href":"https:\/\/association-lesargonautes.fr\/index.php?rest_route=\/wp\/v2\/users\/1"}],"replies":[{"embeddable":true,"href":"https:\/\/association-lesargonautes.fr\/index.php?rest_route=%2Fwp%2Fv2%2Fcomments&post=146"}],"version-history":[{"count":1,"href":"https:\/\/association-lesargonautes.fr\/index.php?rest_route=\/wp\/v2\/pages\/146\/revisions"}],"predecessor-version":[{"id":774,"href":"https:\/\/association-lesargonautes.fr\/index.php?rest_route=\/wp\/v2\/pages\/146\/revisions\/774"}],"wp:attachment":[{"href":"https:\/\/association-lesargonautes.fr\/index.php?rest_route=%2Fwp%2Fv2%2Fmedia&parent=146"}],"curies":[{"name":"wp","href":"https:\/\/api.w.org\/{rel}","templated":true}]}}