{"id":126,"date":"2013-12-27T23:17:54","date_gmt":"2013-12-27T22:17:54","guid":{"rendered":"http:\/\/www.association-argonautes.fr\/\/?page_id=126"},"modified":"2022-10-25T14:38:35","modified_gmt":"2022-10-25T12:38:35","slug":"voyage-2012","status":"publish","type":"page","link":"https:\/\/association-lesargonautes.fr\/?page_id=126","title":{"rendered":"Voyage 2012 : la Cr\u00e8te"},"content":{"rendered":"<h2 style=\"text-align: center;\"><span style=\"text-decoration: underline;\"><span style=\"color: #ff0000;\"><strong>\u00ab\u00a0La Cr\u00e8te antique, de l&rsquo;\u00e9poque minoenne \u00e0 l&rsquo;\u00e9poque imp\u00e9riale\u00a0\u00bb<\/strong><\/span><\/span><\/h2>\n<p>Du 18 au 25 avril 2012, l&rsquo;association a organis\u00e9 un voyage d&rsquo;\u00e9tudes en Cr\u00e8te. Le but de ce voyage \u00e9tait de montrer un panorama des diff\u00e9rentes p\u00e9riodes d&rsquo;occupation de la Cr\u00e8te.<\/p>\n<p><em><span style=\"text-decoration: underline;\">Petit r\u00e9sum\u00e9 du s\u00e9jour<\/span><\/em><\/p>\n<p><strong>Mercredi 18 avril :<\/strong> vol Paris &#8211; H\u00e9raklion.<\/p>\n<p><strong>Jeudi 19 avril<br \/>\n<\/strong>Le s\u00e9jour a commenc\u00e9 par la visite du site de <span style=\"text-decoration: underline;\"><strong>Cnossos<\/strong><\/span>, palais le plus connu de Cr\u00e8te, le plus touristique aussi.<\/p>\n<p>La journ\u00e9e s&rsquo;est poursuivi par la visite du <span style=\"text-decoration: underline;\"><strong>mus\u00e9e arch\u00e9ologique d&rsquo;H\u00e9raklion<\/strong><\/span>, largement en r\u00e9novation mais dont une s\u00e9lection d&rsquo;oeuvres \u00e9tait expos\u00e9e, dont le c\u00e9l\u00e8bre autant qu&rsquo;\u00e9nigmatique disque de Phaistos. Apr\u00e8s le mus\u00e9e, chacun a eu le droit \u00e0 un quartier libre dans la ville avant un d\u00e9part vers la ville de Gouves, sur la route d&rsquo;Agios Nikolaos, o\u00f9 nous avons dormi.<\/p>\n<p><strong>Vendredi 20 avril<br \/>\n<\/strong>Le lendemain \u00e9tait consacr\u00e9 aux visites du palais de <span style=\"text-decoration: underline;\"><strong>Malia<\/strong><\/span>, fouill\u00e9 par l&rsquo;Ecole Fran\u00e7aise d&rsquo;Ath\u00e8nes, de la cit\u00e9 minoenne de <span style=\"text-decoration: underline;\"><strong>Gournia<\/strong><\/span>, ainsi que de la ville dorienne de <span style=\"text-decoration: underline;\"><strong>Lato<\/strong><\/span> (ci-dessous).<\/p>\n<p>Nous avons pu b\u00e9n\u00e9ficier \u00e0 Lato de la visite guid\u00e9 par Benoit Dercy (Paris IV) qui fouille dans la r\u00e9gion (Dr\u00e9ros). La cit\u00e9, longtemps dominatrice de son espace, se trouve sur une hauteur strat\u00e9gique et a \u00e9t\u00e9 occup\u00e9e sur une longue dur\u00e9e.<\/p>\n<p>Nous avons enfin pass\u00e9 la soir\u00e9e dans le port d&rsquo;Agios Nikolaos.<\/p>\n<p><strong>Dimanche 22 avril<\/strong><br \/>\nLa journ\u00e9e du dimanche a \u00e9t\u00e9 consacr\u00e9e \u00e0 la visite de deux sites tr\u00e8s importants de Cr\u00e8te. Tout d&rsquo;abord la cit\u00e9 de <span style=\"text-decoration: underline;\"><strong>Gortyne<\/strong><\/span>, cit\u00e9 d\u00e9j\u00e0 nomm\u00e9e par Hom\u00e8re dans le catalogue des vaisseaux qui connaitra une p\u00e9riode d&rsquo;occupation au moins jusqu&rsquo;\u00e0 l&rsquo;\u00e9poque romaine o\u00f9 elle est capitale de province. Mais elle est surtout c\u00e9l\u00e8bre pour son code, recueil de lois du V\u00e8me si\u00e8cle grav\u00e9 dont nous avons vu voir le texte, expos\u00e9 sur le site. Le site est tr\u00e8s vaste, mais seules quelques parties sont mises en valeur, les autres \u00e9tant laiss\u00e9es plus ou moins en friche.<\/p>\n<p>Nous avons poursuivi la journ\u00e9e par la visite de <span style=\"text-decoration: underline;\"><strong>Matala<\/strong><\/span>, sur la c\u00f4te sud de la Cr\u00e8te. Matala est l&rsquo;ancien port de la cit\u00e9 de Phaistos durant la p\u00e9riode minoenne et est c\u00e9l\u00e8bre pour ses grottes d&rsquo;\u00e9poque romaine, largement utilis\u00e9es comme tombes par les Chr\u00e9tiens, qui furentaussi de mani\u00e8re plus anecdotique utilis\u00e9es comme lieu de vill\u00e9giature par la communaut\u00e9 hippie dans les ann\u00e9es 1960-70 (de nombreuses peintures rappellent cette \u00e9poque).<\/p>\n<p><strong>Lundi 23 avril<br \/>\n<\/strong>En ce cinqui\u00e8me jour, nous nous sommes d&rsquo;abord rendu \u00e0 la grotte du plateau de Nida sur le <span style=\"text-decoration: underline;\"><strong>mont Ida<\/strong> <\/span>o\u00f9 serait n\u00e9 Zeus. Malheureusement, le site \u00e9tait enti\u00e8rement obstru\u00e9 par de la neige comme le montre la photo ci-dessous, mais nous a offert toutefois un panorama superbe sur la r\u00e9gion.<\/p>\n<p>En redescendant, nous avons tr\u00e8s bri\u00e8vement visit\u00e9 la cit\u00e9 minoenne de <span style=\"text-decoration: underline;\"><strong>Zominthos<\/strong><\/span>, mais celle-ci est peu fouill\u00e9e et les parties fouill\u00e9es sont encore inaccessibles.<\/p>\n<p>L&rsquo;apr\u00e8s-midi a \u00e9t\u00e9 consacr\u00e9 \u00e0 la visite comment\u00e9e de la cit\u00e9 minoenne d&rsquo;<span style=\"text-decoration: underline;\"><strong>Eleftherna<\/strong><\/span> (ou Eleutherna), site occup\u00e9 de fa\u00e7on tr\u00e8s longue dans le temps, au moins du IXe si\u00e8cle \u00e0 la p\u00e9riode byzantine, avant un retour sur R\u00e9thymnon o\u00f9 nous avons pass\u00e9 la soir\u00e9e pr\u00e8s du bord de mer.<\/p>\n<p><strong>Mardi 24 avril<\/strong><br \/>\nLa derni\u00e8re journ\u00e9e a \u00e9t\u00e9 consacr\u00e9e \u00e0 la visite de la n\u00e9cropole d&rsquo;<span style=\"text-decoration: underline;\"><strong>Armeni<\/strong><\/span>, pr\u00e9sentant un grand nombre de tombes minoennes enterr\u00e9es. Ce site est aujourd&rsquo;hui largement rendu \u00e0 la nature, hormis les tombes elles-m\u00eames.<\/p>\n<p>La cit\u00e9 minoenne, hell\u00e9nistique et romaine d&rsquo;<span style=\"text-decoration: underline;\"><strong>Aptera<\/strong><\/span> a \u00e9t\u00e9 notre derni\u00e8re \u00e9tape historique. Le site, magnifique promontoire dominant l&rsquo;entr\u00e9e d&rsquo;une baie, poss\u00e8de de nombreux \u00e9l\u00e9ments tr\u00e8s bien conserv\u00e9s, notamment une belle citerne romaine, mais \u00e9galement des thermes, d&rsquo;un th\u00e9\u00e2tre et d&rsquo;un temple.<\/p>\n<p>La fin d&rsquo;apr\u00e8s-midi a \u00e9t\u00e9 consacr\u00e9e \u00e0 une visite de la ville moderne de <span style=\"text-decoration: underline;\"><strong>La Can\u00e9e<\/strong><\/span>, port ancien dont le centre historique a \u00e9t\u00e9 conserv\u00e9.<\/p>\n<p><strong>Mercredi 25 avril<\/strong><br \/>\nC&rsquo;est le soir du retour, apr\u00e8s une grosse matin\u00e9e quartier libre \u00e0 <strong>R\u00e9thymnon<\/strong>.<\/p>\n","protected":false},"excerpt":{"rendered":"<p>\u00ab\u00a0La Cr\u00e8te antique, de l&rsquo;\u00e9poque minoenne \u00e0 l&rsquo;\u00e9poque imp\u00e9riale\u00a0\u00bb Du 18 au 25 avril 2012, l&rsquo;association a organis\u00e9 un voyage d&rsquo;\u00e9tudes en Cr\u00e8te. Le but de ce voyage \u00e9tait de montrer un panorama des diff\u00e9rentes p\u00e9riodes d&rsquo;occupation de la Cr\u00e8te. Petit r\u00e9sum\u00e9 du s\u00e9jour Mercredi 18 avril : vol Paris &#8211; H\u00e9raklion. Jeudi 19 avril [&hellip;]<\/p>\n","protected":false},"author":1,"featured_media":0,"parent":0,"menu_order":0,"comment_status":"closed","ping_status":"closed","template":"template-full-width.php","meta":{"footnotes":""},"_links":{"self":[{"href":"https:\/\/association-lesargonautes.fr\/index.php?rest_route=\/wp\/v2\/pages\/126"}],"collection":[{"href":"https:\/\/association-lesargonautes.fr\/index.php?rest_route=\/wp\/v2\/pages"}],"about":[{"href":"https:\/\/association-lesargonautes.fr\/index.php?rest_route=\/wp\/v2\/types\/page"}],"author":[{"embeddable":true,"href":"https:\/\/association-lesargonautes.fr\/index.php?rest_route=\/wp\/v2\/users\/1"}],"replies":[{"embeddable":true,"href":"https:\/\/association-lesargonautes.fr\/index.php?rest_route=%2Fwp%2Fv2%2Fcomments&post=126"}],"version-history":[{"count":1,"href":"https:\/\/association-lesargonautes.fr\/index.php?rest_route=\/wp\/v2\/pages\/126\/revisions"}],"predecessor-version":[{"id":773,"href":"https:\/\/association-lesargonautes.fr\/index.php?rest_route=\/wp\/v2\/pages\/126\/revisions\/773"}],"wp:attachment":[{"href":"https:\/\/association-lesargonautes.fr\/index.php?rest_route=%2Fwp%2Fv2%2Fmedia&parent=126"}],"curies":[{"name":"wp","href":"https:\/\/api.w.org\/{rel}","templated":true}]}}