{"id":123,"date":"2013-12-27T23:15:15","date_gmt":"2013-12-27T22:15:15","guid":{"rendered":"http:\/\/www.association-argonautes.fr\/\/?page_id=123"},"modified":"2022-10-25T14:39:35","modified_gmt":"2022-10-25T12:39:35","slug":"voyages-depuis-2009","status":"publish","type":"page","link":"https:\/\/association-lesargonautes.fr\/?page_id=123","title":{"rendered":"Voyages depuis 2009"},"content":{"rendered":"<p>L&rsquo;Association Les Argonautes organise des voyages depuis 2009. Voici le rappel des pr\u00e9c\u00e9dents voyages !<\/p>\n<p>&#8211; un court s\u00e9jour \u00e0 Arles et N\u00eemes en janvier 2009<\/p>\n<p>&#8211; un s\u00e9jour en Tunisie en juin 2009<\/p>\n<p>&#8211; un voyage en Turquie en avril 2010, repouss\u00e9 \u00e0 la Toussaint 2010 pour cause de volcan<\/p>\n<p>&#8211; un s\u00e9jour \u00e0 Al\u00e9sia les samedi 25 et dimanche 26 juin 2011<\/p>\n<p>&#8211; un s\u00e9jour en Cr\u00e8te du 18 au 25 avril 2012<\/p>\n<p>&#8211; un voyage \u00e0 Lyon et Vienne du 23 au 24 mars 2013<\/p>\n","protected":false},"excerpt":{"rendered":"<p>L&rsquo;Association Les Argonautes organise des voyages depuis 2009. Voici le rappel des pr\u00e9c\u00e9dents voyages ! &#8211; un court s\u00e9jour \u00e0 Arles et N\u00eemes en janvier 2009 &#8211; un s\u00e9jour en Tunisie en juin 2009 &#8211; un voyage en Turquie en avril 2010, repouss\u00e9 \u00e0 la Toussaint 2010 pour cause de volcan &#8211; un s\u00e9jour \u00e0 [&hellip;]<\/p>\n","protected":false},"author":1,"featured_media":0,"parent":0,"menu_order":0,"comment_status":"closed","ping_status":"closed","template":"template-full-width.php","meta":{"footnotes":""},"_links":{"self":[{"href":"https:\/\/association-lesargonautes.fr\/index.php?rest_route=\/wp\/v2\/pages\/123"}],"collection":[{"href":"https:\/\/association-lesargonautes.fr\/index.php?rest_route=\/wp\/v2\/pages"}],"about":[{"href":"https:\/\/association-lesargonautes.fr\/index.php?rest_route=\/wp\/v2\/types\/page"}],"author":[{"embeddable":true,"href":"https:\/\/association-lesargonautes.fr\/index.php?rest_route=\/wp\/v2\/users\/1"}],"replies":[{"embeddable":true,"href":"https:\/\/association-lesargonautes.fr\/index.php?rest_route=%2Fwp%2Fv2%2Fcomments&post=123"}],"version-history":[{"count":2,"href":"https:\/\/association-lesargonautes.fr\/index.php?rest_route=\/wp\/v2\/pages\/123\/revisions"}],"predecessor-version":[{"id":775,"href":"https:\/\/association-lesargonautes.fr\/index.php?rest_route=\/wp\/v2\/pages\/123\/revisions\/775"}],"wp:attachment":[{"href":"https:\/\/association-lesargonautes.fr\/index.php?rest_route=%2Fwp%2Fv2%2Fmedia&parent=123"}],"curies":[{"name":"wp","href":"https:\/\/api.w.org\/{rel}","templated":true}]}}