{"id":120,"date":"2013-12-27T23:14:14","date_gmt":"2013-12-27T22:14:14","guid":{"rendered":"http:\/\/www.association-argonautes.fr\/\/?page_id=120"},"modified":"2022-10-25T14:36:54","modified_gmt":"2022-10-25T12:36:54","slug":"voyage-2014","status":"publish","type":"page","link":"https:\/\/association-lesargonautes.fr\/?page_id=120","title":{"rendered":"Voyage 2014 : Italie du Sud"},"content":{"rendered":"<p>L&rsquo;Association\u00a0<em>Les Argonautes<\/em> a organis\u00e9 diff\u00e9rents voyages.<\/p>\n<p>Le voyage 2014 aura lieu en Italie du Sud <strong>du 17 au 24 avril<\/strong> ! Cette ann\u00e9e, les Argonautes vous proposent une odyss\u00e9e en Campagnie pour d\u00e9couvrir Naples et ses alentours. Cette destination premettra de visiter de nombreux sites arch\u00e9ologiques, aussi bien grecs que romains.<\/p>\n<p><strong><span style=\"text-decoration: underline;\">Au programme :<\/span> Naples, Pomp\u00e9i, Herculanum, Cumes, Ischia, Oplontis Paestum, et Sorrente.<\/strong><\/p>\n<p>Les visites seront pour la plupart assur\u00e9es par des arch\u00e9ologues fran\u00e7ais et italiens qui travaillent sur place ou dirigent les sites.<\/p>\n<p><span style=\"text-decoration: underline;\"><span style=\"color: #ff0000; text-decoration: underline;\"><em><strong>Inscriptions closes<\/strong><\/em><\/span><\/span><\/p>\n<p>Avec le soutien pr\u00e9cieux d&rsquo;ANHIMA<\/p>\n","protected":false},"excerpt":{"rendered":"<p>L&rsquo;Association\u00a0Les Argonautes a organis\u00e9 diff\u00e9rents voyages. Le voyage 2014 aura lieu en Italie du Sud du 17 au 24 avril ! Cette ann\u00e9e, les Argonautes vous proposent une odyss\u00e9e en Campagnie pour d\u00e9couvrir Naples et ses alentours. Cette destination premettra de visiter de nombreux sites arch\u00e9ologiques, aussi bien grecs que romains. Au programme : Naples, [&hellip;]<\/p>\n","protected":false},"author":1,"featured_media":0,"parent":0,"menu_order":0,"comment_status":"closed","ping_status":"closed","template":"template-full-width.php","meta":{"footnotes":""},"_links":{"self":[{"href":"https:\/\/association-lesargonautes.fr\/index.php?rest_route=\/wp\/v2\/pages\/120"}],"collection":[{"href":"https:\/\/association-lesargonautes.fr\/index.php?rest_route=\/wp\/v2\/pages"}],"about":[{"href":"https:\/\/association-lesargonautes.fr\/index.php?rest_route=\/wp\/v2\/types\/page"}],"author":[{"embeddable":true,"href":"https:\/\/association-lesargonautes.fr\/index.php?rest_route=\/wp\/v2\/users\/1"}],"replies":[{"embeddable":true,"href":"https:\/\/association-lesargonautes.fr\/index.php?rest_route=%2Fwp%2Fv2%2Fcomments&post=120"}],"version-history":[{"count":2,"href":"https:\/\/association-lesargonautes.fr\/index.php?rest_route=\/wp\/v2\/pages\/120\/revisions"}],"predecessor-version":[{"id":772,"href":"https:\/\/association-lesargonautes.fr\/index.php?rest_route=\/wp\/v2\/pages\/120\/revisions\/772"}],"wp:attachment":[{"href":"https:\/\/association-lesargonautes.fr\/index.php?rest_route=%2Fwp%2Fv2%2Fmedia&parent=120"}],"curies":[{"name":"wp","href":"https:\/\/api.w.org\/{rel}","templated":true}]}}